{"id":249938,"date":"2023-02-28T16:38:17","date_gmt":"2023-02-28T15:38:17","guid":{"rendered":"https:\/\/lombricolturasiciliana.it\/privacy-policy\/"},"modified":"2023-12-29T17:57:29","modified_gmt":"2023-12-29T16:57:29","slug":"politica-de-privacidad","status":"publish","type":"page","link":"https:\/\/lombricolturasiciliana.it\/es\/politica-de-privacidad\/","title":{"rendered":"Pol\u00edtica de privacidad"},"content":{"rendered":"<p>[et_pb_section fb_built=\u00bb1&#8243; admin_label=\u00bbBreadcrumb Section\u00bb module_class=\u00bbbreadcrumb-filtro\u00bb _builder_version=\u00bb4.21.0&#8243; _module_preset=\u00bbdefault\u00bb background_image=\u00bbhttps:\/\/lombricolturasiciliana.it\/wp-content\/uploads\/2023\/04\/sfondo-breadcrumb.webp\u00bb width=\u00bb100%\u00bb max_width=\u00bb100%\u00bb min_height=\u00bb300px\u00bb height_tablet=\u00bb200px\u00bb height_phone=\u00bb200px\u00bb height_last_edited=\u00bbon|phone\u00bb box_shadow_style=\u00bbpreset3&#8243; box_shadow_horizontal=\u00bb25px\u00bb box_shadow_blur=\u00bb19px\u00bb global_colors_info=\u00bb{}\u00bb height__hover_enabled=\u00bboff|desktop\u00bb][et_pb_row column_structure=\u00bb1_2,1_2&#8243; admin_label=\u00bbBreadcrumb\u00bb _builder_version=\u00bb4.16&#8243; _module_preset=\u00bbdefault\u00bb width=\u00bb100%\u00bb max_width=\u00bb100%\u00bb custom_margin=\u00bb46px||||false|false\u00bb global_colors_info=\u00bb{}\u00bb][et_pb_column type=\u00bb1_2&#8243; _builder_version=\u00bb4.16&#8243; _module_preset=\u00bbdefault\u00bb global_colors_info=\u00bb{}\u00bb][et_pb_text admin_label=\u00bbTitolo Pagina (Testo dinamico)\u00bb _builder_version=\u00bb4.16&#8243; _dynamic_attributes=\u00bbcontent\u00bb _module_preset=\u00bbdefault\u00bb text_font=\u00bb|300|||||||\u00bb text_text_color=\u00bb#ffffff\u00bb text_font_size=\u00bb38px\u00bb text_letter_spacing=\u00bb2px\u00bb custom_margin=\u00bb|||100px|false|false\u00bb custom_margin_tablet=\u00bb|||0px|false|false\u00bb custom_margin_phone=\u00bb\u00bb custom_margin_last_edited=\u00bbon|phone\u00bb text_font_size_tablet=\u00bb37px\u00bb text_font_size_phone=\u00bb28px\u00bb text_font_size_last_edited=\u00bbon|phone\u00bb text_orientation_tablet=\u00bbcenter\u00bb text_orientation_phone=\u00bb\u00bb text_orientation_last_edited=\u00bbon|phone\u00bb border_color_left=\u00bbgcid-3d22bfca-064e-4ba7-9dfc-e7f07f9cfa30&#8243; global_colors_info=\u00bb{%22gcid-3d22bfca-064e-4ba7-9dfc-e7f07f9cfa30%22:%91%22border_color_left%22%93}\u00bb]@ET-DC@eyJkeW5hbWljIjp0cnVlLCJjb250ZW50IjoicG9zdF90aXRsZSIsInNldHRpbmdzIjp7ImJlZm9yZSI6IiIsImFmdGVyIjoiIn19@[\/et_pb_text][\/et_pb_column][et_pb_column type=\u00bb1_2&#8243; _builder_version=\u00bb4.16&#8243; _module_preset=\u00bbdefault\u00bb global_colors_info=\u00bb{}\u00bb][et_pb_text admin_label=\u00bbUrl (Testo dinamico)\u00bb _builder_version=\u00bb4.23.4&#8243; _dynamic_attributes=\u00bbcontent\u00bb _module_preset=\u00bbdefault\u00bb text_font=\u00bb|300|||||||\u00bb text_text_color=\u00bb#FFFFFF\u00bb text_font_size=\u00bb18px\u00bb link_font=\u00bb||||||||\u00bb link_text_color=\u00bb#00e00b\u00bb text_orientation=\u00bbright\u00bb custom_margin=\u00bb|100px|||false|false\u00bb custom_margin_tablet=\u00bb|0px|||false|false\u00bb custom_margin_phone=\u00bb|0px|||false|false\u00bb custom_margin_last_edited=\u00bbon|phone\u00bb hover_enabled=\u00bb0&#8243; text_font_size_tablet=\u00bb\u00bb text_font_size_phone=\u00bb16px\u00bb text_font_size_last_edited=\u00bbon|phone\u00bb link_text_align_tablet=\u00bbcenter\u00bb link_text_align_phone=\u00bbcenter\u00bb link_text_align_last_edited=\u00bbon|phone\u00bb text_orientation_tablet=\u00bbcenter\u00bb text_orientation_phone=\u00bb\u00bb text_orientation_last_edited=\u00bbon|phone\u00bb border_color_left=\u00bbgcid-3d22bfca-064e-4ba7-9dfc-e7f07f9cfa30&#8243; global_colors_info=\u00bb{%22gcid-3d22bfca-064e-4ba7-9dfc-e7f07f9cfa30%22:%91%22border_color_left%22%93}\u00bb sticky_enabled=\u00bb0&#8243;]@ET-DC@eyJkeW5hbWljIjp0cnVlLCJjb250ZW50IjoicG9zdF90aXRsZSIsInNldHRpbmdzIjp7ImJlZm9yZSI6IjxhIGhyZWY9XCJodHRwczovL2xvbWJyaWNvbHR1cmFzaWNpbGlhbmEuaXQvZXMvXCIgdGFyZ2V0PVwiX3NlbGZcIj4gSG9tZSB8IDwvYT4iLCJhZnRlciI6IiJ9fQ==@[\/et_pb_text][\/et_pb_column][\/et_pb_row][\/et_pb_section][et_pb_section fb_built=\u00bb1&#8243; _builder_version=\u00bb4.16&#8243; global_colors_info=\u00bb{}\u00bb][et_pb_row _builder_version=\u00bb4.16&#8243; background_size=\u00bbinitial\u00bb background_position=\u00bbtop_left\u00bb background_repeat=\u00bbrepeat\u00bb global_colors_info=\u00bb{}\u00bb][et_pb_column type=\u00bb4_4&#8243; _builder_version=\u00bb4.16&#8243; custom_padding=\u00bb|||\u00bb global_colors_info=\u00bb{}\u00bb custom_padding__hover=\u00bb|||\u00bb][dipl_text_highlighter highlighter_content=\u00bbPol\u00edtica de Privacidad\u00bb use_as_heading=\u00bbon\u00bb svg_color=\u00bb#3d2316&#8243; _builder_version=\u00bb4.23.3&#8243; _module_preset=\u00bbdefault\u00bb global_title_text_align=\u00bbleft\u00bb global_title_text_color=\u00bb#067118&#8243; global_title_font_size=\u00bb38px\u00bb global_title_text_align_tablet=\u00bbleft\u00bb global_title_text_align_phone=\u00bbcenter\u00bb global_title_text_align_last_edited=\u00bbon|phone\u00bb global_title_font_size_tablet=\u00bb38px\u00bb global_title_font_size_phone=\u00bb28px\u00bb global_title_font_size_last_edited=\u00bbon|phone\u00bb global_colors_info=\u00bb{}\u00bb][\/dipl_text_highlighter][et_pb_text _builder_version=\u00bb4.23.3&#8243; background_size=\u00bbinitial\u00bb background_position=\u00bbtop_left\u00bb background_repeat=\u00bbrepeat\u00bb custom_css_list_ul=\u00bbpadding-left: 40px;\u00bb global_colors_info=\u00bb{}\u00bb]<\/p>\n<p>Esta Pol\u00edtica de Privacidad se proporciona de acuerdo con el Art\u00edculo 13 del Decreto Legislativo n.\u00ba 196\/2003 &#8211; C\u00f3digo de Protecci\u00f3n de Datos Personales &#8211; y cumple con la Recomendaci\u00f3n n.\u00ba 2\/2001 adoptada por las autoridades europeas de protecci\u00f3n de datos. Esta recomendaci\u00f3n fue establecida el 17 de mayo de 2001 para identificar requisitos m\u00ednimos para la recopilaci\u00f3n de datos personales en l\u00ednea. Especifica los m\u00e9todos, tiempos y naturaleza de la informaci\u00f3n que los responsables del tratamiento deben proporcionar a los usuarios al conectarse a p\u00e1ginas web. Esta informaci\u00f3n se refiere \u00fanicamente al sitio web <a href=\"http:\/\/www.lombricolturasiciliana.it\">www.lombricolturasiciliana.it<\/a> y no a p\u00e1ginas externas vinculadas a trav\u00e9s de enlaces.<\/p>\n<p><strong>Responsable del Tratamiento de Datos:<\/strong> Despu\u00e9s de la consulta de este sitio, se pueden procesar datos relacionados con personas identificadas o identificables. El \u00abresponsable\u00bb de su tratamiento es LOMBRICOLTURA SICILIANA Soc. Agr. a.r.l., con sede en Via Milano, 40 \u2013 94013 Leonforte (En).<\/p>\n<p><strong>Lugar de Tratamiento de Datos:<\/strong> Los procesos relacionados con los servicios web de este sitio tienen lugar en la sede mencionada y son gestionados solo por personal t\u00e9cnico encargado del tratamiento o por encargados ocasionales de operaciones de mantenimiento. No se comunica ni difunde ning\u00fan dato derivado del servicio web. Los datos personales proporcionados por los usuarios que env\u00edan solicitudes de env\u00edo de material informativo (boletines, solicitudes de informaci\u00f3n, folletos, brochures) se utilizan \u00fanicamente con el fin de ejecutar el servicio o la prestaci\u00f3n solicitada y se comunican a terceros solo en caso de ser necesario para tal fin.<\/p>\n<p><strong>Tipo de Datos Tratados:<\/strong><\/p>\n<ul>\n<li><strong>Datos de Navegaci\u00f3n:<\/strong> Durante el funcionamiento normal del sitio web, los sistemas inform\u00e1ticos y los procedimientos de software adquieren ciertos datos personales, cuya transmisi\u00f3n es impl\u00edcita en el uso de los protocolos de comunicaci\u00f3n de Internet. Esta informaci\u00f3n no se recopila para asociarla a individuos identificados, pero debido a su naturaleza, podr\u00eda permitir la identificaci\u00f3n a trav\u00e9s de procesamientos y asociaciones con datos de terceros.<\/li>\n<li><strong>Datos Proporcionados Voluntariamente por el Usuario:<\/strong> El env\u00edo opcional, expl\u00edcito y voluntario de correos electr\u00f3nicos a las direcciones indicadas en este sitio, o el completar y enviar formularios, implica la adquisici\u00f3n posterior de la direcci\u00f3n del remitente, necesaria para responder a las solicitudes, y de cualquier otro dato personal ingresado en el mensaje o formulario.<\/li>\n<\/ul>\n<p><strong>Cookies:<\/strong> Al igual que todos los sitios web, este sitio utiliza cookies, peque\u00f1os archivos de texto necesarios para mejorar la funcionalidad del sitio, simplificar la navegaci\u00f3n y analizar el uso. El sitio no adquiere ning\u00fan dato personal del usuario en este sentido. El uso de cookies de sesi\u00f3n (que no se almacenan de manera persistente en la computadora del usuario y desaparecen cuando se cierra el navegador) est\u00e1 estrictamente limitado a la transmisi\u00f3n de identificadores de sesi\u00f3n (constituidos por n\u00fameros aleatorios generados por el servidor) necesarios para permitir la exploraci\u00f3n segura y eficiente del sitio. Estas cookies de sesi\u00f3n utilizadas en este sitio evitan el uso de otras t\u00e9cnicas inform\u00e1ticas potencialmente perjudiciales para la privacidad de la navegaci\u00f3n de los usuarios y no permiten la adquisici\u00f3n de datos personales identificativos del usuario.<\/p>\n<p><strong>Google Analytics:<\/strong> Este sitio web utiliza Google Analytics, una herramienta de an\u00e1lisis de datos web que ayuda a comprender c\u00f3mo interact\u00faan los visitantes con el sitio. Google Analytics utiliza cookies propias para monitorear las interacciones de los visitantes. Estas cookies almacenan informaci\u00f3n como la hora de la visita actual, visitas anteriores del mismo visitante al sitio y el sitio que ha referido al visitante a la p\u00e1gina web. Para obtener m\u00e1s informaci\u00f3n sobre el uso de cookies por parte de Google, consulte la p\u00e1gina Uso de cookies de Google Analytics en sitios web.<\/p>\n<p><strong>Provisi\u00f3n Opcional de Datos:<\/strong> Aparte de lo especificado para los datos de navegaci\u00f3n, el usuario es libre de proporcionar los datos personales indicados en los formularios de solicitud o en la p\u00e1gina de Contacto para solicitar informaci\u00f3n o comunicaciones. La no provisi\u00f3n de estos datos puede resultar en la imposibilidad de obtener lo solicitado. Es importante recordar que en algunos casos (que no son objeto de la gesti\u00f3n ordinaria de este sitio), la Autoridad puede solicitar informaci\u00f3n y detalles seg\u00fan el Art\u00edculo 157 del C\u00f3digo de Protecci\u00f3n de Datos Personales con el fin de verificar el tratamiento de datos personales. En estos casos, la respuesta es obligatoria bajo pena de sanci\u00f3n administrativa.<\/p>\n<p><strong>M\u00e9todos de Tratamiento de Datos:<\/strong> Los datos personales se procesan mediante herramientas automatizadas durante el tiempo estrictamente necesario para lograr los fines para los cuales se recopilaron. Se observan medidas de seguridad espec\u00edficas para evitar la p\u00e9rdida de datos, el uso ilegal o incorrecto y el acceso no autorizado.<\/p>\n<p><strong>Derechos de los Interesados:<\/strong> Las personas a las que se refieren los datos personales tienen el derecho en cualquier momento de obtener la confirmaci\u00f3n de la existencia o no de dichos datos, conocer su contenido y origen, verificar su exactitud, o solicitar su integraci\u00f3n, actualizaci\u00f3n o correcci\u00f3n (Art\u00edculo 7 del C\u00f3digo de Protecci\u00f3n de Datos Personales). De acuerdo con el mismo art\u00edculo, tienen el derecho de solicitar la eliminaci\u00f3n, transformaci\u00f3n en forma an\u00f3nima o bloqueo de datos tratados en violaci\u00f3n de la ley, as\u00ed como oponerse a su tratamiento por motivos leg\u00edtimos.<\/p>\n<p>Las solicitudes deben dirigirse a LOMBRICOLTURA SICILIANA Soc. Agr. a.r.l., ubicada en Via Milano, 40 \u2013 94013 Leonforte (En):<\/p>\n<ul>\n<li>Por correo a la direcci\u00f3n: Via Milano, 40 \u2013 94013 Leonforte (En)<\/li>\n<li>Por correo electr\u00f3nico a la direcci\u00f3n: <a href=\"mailto:info@lombricolturasiciliana.it\">info@lombricolturasiciliana.it<\/a><\/li>\n<li>Por tel\u00e9fono al n\u00famero: (039) 339 546 1489<\/li>\n<\/ul>\n<p>[\/et_pb_text][\/et_pb_column][\/et_pb_row][\/et_pb_section]<\/p>\n","protected":false},"excerpt":{"rendered":"<p><div class=\"et_pb_module dipl_text_highlighter dipl_text_highlighter_0\">\n\t\t\t\t\n\t\t\t\t\n\t\t\t\t\n\t\t\t\t\n\t\t\t\t\n\t\t\t\t\n\t\t\t\t<div class=\"et_pb_module_inner\">\n\t\t\t\t\t<div class=\"dipl_text_highlighter_wrapper dipl_highlighter_heading dipl_highlight_zigzag \"><h2><span class=\"dipl_text_highlighter_inner_wrapper\"><span class=\"dipl_text_highlighted_content\">Pol\u00edtica de Privacidad<\/span><?xml version=\"1.0\" encoding=\"utf-8\"?><!-- Generator: Adobe Illustrator 24.3.0, SVG Export Plug-In . SVG Version: 6.00 Build 0)  --><svg version=\"1.1\" xmlns=\"http:\/\/www.w3.org\/2000\/svg\" xmlns:xlink=\"http:\/\/www.w3.org\/1999\/xlink\" x=\"0px\" y=\"0px\" viewBox=\"0 0 175.3 17.9\" style=\"enable-background:new 0 0 175.3 17.9;\" xml:space=\"preserve\"><style type=\"text\/css\">.st0{fill:none;stroke:#231F20;stroke-width:2.5;stroke-linecap:round;stroke-linejoin:round;}<\/style><path class=\"st0\" d=\"M4,9.3c0,0,106.8-8.9,167.2-1.9c0,0-91.1-0.4-114.6,3.8c0,0,37-1.7,55.2,1.9\"\/><\/svg><\/span><\/h2><\/div>\n\t\t\t\t<\/div>\n\t\t\t<\/div>Esta Pol\u00edtica de Privacidad se proporciona de acuerdo con el Art\u00edculo 13 del Decreto Legislativo n.\u00ba 196\/2003 &#8211; C\u00f3digo de Protecci\u00f3n de Datos Personales &#8211; y cumple con la Recomendaci\u00f3n n.\u00ba 2\/2001 adoptada por las autoridades europeas de [&hellip;]<\/p>\n","protected":false},"author":1,"featured_media":0,"parent":0,"menu_order":0,"comment_status":"closed","ping_status":"closed","template":"","meta":{"_et_pb_use_builder":"on","_et_pb_old_content":"<!-- wp:heading -->\n<h2>Chi siamo<\/h2>\n<!-- \/wp:heading -->\n\n<!-- wp:paragraph -->\n<p>L'indirizzo del nostro sito web \u00e8: https:\/\/lombricolturasiciliana.it.<\/p>\n<!-- \/wp:paragraph -->\n\n<!-- wp:heading -->\n<h2>Commenti<\/h2>\n<!-- \/wp:heading -->\n\n<!-- wp:paragraph -->\n<p>Quando i visitatori lasciano commenti sul sito, raccogliamo i dati mostrati nel modulo dei commenti oltre all'indirizzo IP del visitatore e la stringa dello user agent del browser per facilitare il rilevamento dello spam.<\/p>\n<!-- \/wp:paragraph -->\n\n<!-- wp:paragraph -->\n<p>Una stringa anonimizzata creata a partire dal tuo indirizzo email (altrimenti detta hash) pu\u00f2 essere fornita al servizio Gravatar per vedere se lo stai usando. La privacy policy del servizio Gravatar \u00e8 disponibile qui: https:\/\/automattic.com\/privacy\/. Dopo l'approvazione del tuo commento, la tua immagine del profilo \u00e8 visibile al pubblico nel contesto del tuo commento.<\/p>\n<!-- \/wp:paragraph -->\n\n<!-- wp:heading -->\n<h2>Media<\/h2>\n<!-- \/wp:heading -->\n\n<!-- wp:paragraph -->\n<p>Se carichi immagini sul sito web, dovresti evitare di caricare immagini che includono i dati di posizione incorporati (EXIF GPS). I visitatori del sito web possono scaricare ed estrarre qualsiasi dato sulla posizione dalle immagini sul sito web.<\/p>\n<!-- \/wp:paragraph -->\n\n<!-- wp:heading -->\n<h2>Cookie<\/h2>\n<!-- \/wp:heading -->\n\n<!-- wp:paragraph -->\n<p>Se visiti la pagina di login, verr\u00e0 impostato un cookie temporaneo per determinare se il tuo browser accetta i cookie. Questo cookie non contiene dati personali e viene eliminato quando chiudi il browser.<\/p>\n<!-- \/wp:paragraph -->\n\n<!-- wp:paragraph -->\n<p>Quando effettui l'accesso, verranno impostati diversi cookie per salvare le tue informazioni di accesso e le tue opzioni di visualizzazione dello schermo. I cookie di accesso durano due giorni mentre i cookie per le opzioni dello schermo durano un anno. Se selezioni \"Ricordami\", il tuo accesso persister\u00e0 per due settimane. Se esci dal tuo account, i cookie di accesso verranno rimossi.<\/p>\n<!-- \/wp:paragraph -->\n\n<!-- wp:paragraph -->\n<p>Se lasci un commento sul nostro sito, puoi scegliere di salvare il tuo nome, indirizzo email e sito web nei cookie. Sono usati per la tua comodit\u00e0 in modo che tu non debba inserire nuovamente i tuoi dati quando lasci un altro commento. Questi cookie dureranno per un anno.<\/p>\n<!-- \/wp:paragraph -->\n\n<!-- wp:paragraph -->\n<p>Se modifichi o pubblichi un articolo, un cookie aggiuntivo verr\u00e0 salvato nel tuo browser. Questo cookie non include dati personali, ma indica semplicemente l'ID dell'articolo appena modificato. Scade dopo 1 giorno.<\/p>\n<!-- \/wp:paragraph -->\n\n<!-- wp:heading -->\n<h2>Contenuto incorporato da altri siti web<\/h2>\n<!-- \/wp:heading -->\n\n<!-- wp:paragraph -->\n<p>Gli articoli su questo sito possono includere contenuti incorporati (ad esempio video, immagini, articoli, ecc.). I contenuti incorporati da altri siti web si comportano esattamente allo stesso modo come se il visitatore avesse visitato l'altro sito web.<\/p>\n<!-- \/wp:paragraph -->\n\n<!-- wp:paragraph -->\n<p>Questi siti web possono raccogliere dati su di te, usare cookie, integrare ulteriori tracciamenti di terze parti e monitorare l'interazione con essi, incluso il tracciamento della tua interazione con il contenuto incorporato se hai un account e sei connesso a quei siti web.<\/p>\n<!-- \/wp:paragraph -->\n\n<!-- wp:heading -->\n<h2>Con chi condividiamo i tuoi dati<\/h2>\n<!-- \/wp:heading -->\n\n<!-- wp:paragraph -->\n<p>Se richiedi una reimpostazione della password, il tuo indirizzo IP verr\u00e0 incluso nell'email di reimpostazione.<\/p>\n<!-- \/wp:paragraph -->\n\n<!-- wp:heading -->\n<h2>Per quanto tempo conserviamo i tuoi dati<\/h2>\n<!-- \/wp:heading -->\n\n<!-- wp:paragraph -->\n<p>Se lasci un commento, il commento e i relativi metadati vengono conservati a tempo indeterminato. \u00c8 cos\u00ec che possiamo riconoscere e approvare automaticamente eventuali commenti successivi invece di tenerli in una coda di moderazione.<\/p>\n<!-- \/wp:paragraph -->\n\n<!-- wp:paragraph -->\n<p>Per gli utenti che si registrano sul nostro sito web (se presenti), memorizziamo anche le informazioni personali che forniscono nel loro profilo utente. Tutti gli utenti possono vedere, modificare o eliminare le loro informazioni personali in qualsiasi momento (eccetto il loro nome utente che non possono cambiare). Gli amministratori del sito web possono anche vedere e modificare queste informazioni.<\/p>\n<!-- \/wp:paragraph -->\n\n<!-- wp:heading -->\n<h2>Quali diritti hai sui tuoi dati<\/h2>\n<!-- \/wp:heading -->\n\n<!-- wp:paragraph -->\n<p>Se hai un account su questo sito, o hai lasciato commenti, puoi richiedere di ricevere un file esportato dal sito con i dati personali che abbiamo su di te, compresi i dati che ci hai fornito. Puoi anche richiedere che cancelliamo tutti i dati personali che ti riguardano. Questo non include i dati che siamo obbligati a conservare per scopi amministrativi, legali o di sicurezza.<\/p>\n<!-- \/wp:paragraph -->\n\n<!-- wp:heading -->\n<h2>Dove i tuoi dati sono inviati<\/h2>\n<!-- \/wp:heading -->\n\n<!-- wp:paragraph -->\n<p>I commenti dei visitatori possono essere controllati attraverso un servizio di rilevamento automatico dello spam.<\/p>\n<!-- \/wp:paragraph -->","_et_gb_content_width":"1080","footnotes":""},"class_list":["post-249938","page","type-page","status-publish","hentry"],"_links":{"self":[{"href":"https:\/\/lombricolturasiciliana.it\/es\/wp-json\/wp\/v2\/pages\/249938","targetHints":{"allow":["GET"]}}],"collection":[{"href":"https:\/\/lombricolturasiciliana.it\/es\/wp-json\/wp\/v2\/pages"}],"about":[{"href":"https:\/\/lombricolturasiciliana.it\/es\/wp-json\/wp\/v2\/types\/page"}],"author":[{"embeddable":true,"href":"https:\/\/lombricolturasiciliana.it\/es\/wp-json\/wp\/v2\/users\/1"}],"replies":[{"embeddable":true,"href":"https:\/\/lombricolturasiciliana.it\/es\/wp-json\/wp\/v2\/comments?post=249938"}],"version-history":[{"count":11,"href":"https:\/\/lombricolturasiciliana.it\/es\/wp-json\/wp\/v2\/pages\/249938\/revisions"}],"predecessor-version":[{"id":250232,"href":"https:\/\/lombricolturasiciliana.it\/es\/wp-json\/wp\/v2\/pages\/249938\/revisions\/250232"}],"wp:attachment":[{"href":"https:\/\/lombricolturasiciliana.it\/es\/wp-json\/wp\/v2\/media?parent=249938"}],"curies":[{"name":"wp","href":"https:\/\/api.w.org\/{rel}","templated":true}]}}