{"id":249914,"date":"2023-02-28T15:38:05","date_gmt":"2023-02-28T14:38:05","guid":{"rendered":"https:\/\/lombricolturasiciliana.it\/note-legali\/"},"modified":"2023-12-29T17:58:29","modified_gmt":"2023-12-29T16:58:29","slug":"avisos-legales","status":"publish","type":"page","link":"https:\/\/lombricolturasiciliana.it\/es\/avisos-legales\/","title":{"rendered":"Avisos legales"},"content":{"rendered":"<p>[et_pb_section fb_built=\u00bb1&#8243; admin_label=\u00bbBreadcrumb Section\u00bb module_class=\u00bbbreadcrumb-filtro\u00bb _builder_version=\u00bb4.21.0&#8243; _module_preset=\u00bbdefault\u00bb background_image=\u00bbhttps:\/\/lombricolturasiciliana.it\/wp-content\/uploads\/2023\/04\/sfondo-breadcrumb.webp\u00bb width=\u00bb100%\u00bb max_width=\u00bb100%\u00bb min_height=\u00bb300px\u00bb height_tablet=\u00bb200px\u00bb height_phone=\u00bb200px\u00bb height_last_edited=\u00bbon|phone\u00bb box_shadow_style=\u00bbpreset3&#8243; box_shadow_horizontal=\u00bb25px\u00bb box_shadow_blur=\u00bb19px\u00bb global_colors_info=\u00bb{}\u00bb height__hover_enabled=\u00bboff|desktop\u00bb][et_pb_row column_structure=\u00bb1_2,1_2&#8243; admin_label=\u00bbBreadcrumb\u00bb _builder_version=\u00bb4.16&#8243; _module_preset=\u00bbdefault\u00bb width=\u00bb100%\u00bb max_width=\u00bb100%\u00bb custom_margin=\u00bb46px||||false|false\u00bb global_colors_info=\u00bb{}\u00bb][et_pb_column type=\u00bb1_2&#8243; _builder_version=\u00bb4.16&#8243; _module_preset=\u00bbdefault\u00bb global_colors_info=\u00bb{}\u00bb][et_pb_text admin_label=\u00bbTitolo Pagina (Testo dinamico)\u00bb _builder_version=\u00bb4.16&#8243; _dynamic_attributes=\u00bbcontent\u00bb _module_preset=\u00bbdefault\u00bb text_font=\u00bb|300|||||||\u00bb text_text_color=\u00bb#ffffff\u00bb text_font_size=\u00bb38px\u00bb text_letter_spacing=\u00bb2px\u00bb custom_margin=\u00bb|||100px|false|false\u00bb custom_margin_tablet=\u00bb|||0px|false|false\u00bb custom_margin_phone=\u00bb\u00bb custom_margin_last_edited=\u00bbon|phone\u00bb text_font_size_tablet=\u00bb37px\u00bb text_font_size_phone=\u00bb28px\u00bb text_font_size_last_edited=\u00bbon|phone\u00bb text_orientation_tablet=\u00bbcenter\u00bb text_orientation_phone=\u00bb\u00bb text_orientation_last_edited=\u00bbon|phone\u00bb border_color_left=\u00bbgcid-3d22bfca-064e-4ba7-9dfc-e7f07f9cfa30&#8243; global_colors_info=\u00bb{%22gcid-3d22bfca-064e-4ba7-9dfc-e7f07f9cfa30%22:%91%22border_color_left%22%93}\u00bb]@ET-DC@eyJkeW5hbWljIjp0cnVlLCJjb250ZW50IjoicG9zdF90aXRsZSIsInNldHRpbmdzIjp7ImJlZm9yZSI6IiIsImFmdGVyIjoiIn19@[\/et_pb_text][\/et_pb_column][et_pb_column type=\u00bb1_2&#8243; _builder_version=\u00bb4.16&#8243; _module_preset=\u00bbdefault\u00bb global_colors_info=\u00bb{}\u00bb][et_pb_text admin_label=\u00bbUrl (Testo dinamico)\u00bb _builder_version=\u00bb4.23.4&#8243; _dynamic_attributes=\u00bbcontent\u00bb _module_preset=\u00bbdefault\u00bb text_font=\u00bb|300|||||||\u00bb text_text_color=\u00bb#FFFFFF\u00bb text_font_size=\u00bb18px\u00bb link_font=\u00bb||||||||\u00bb link_text_color=\u00bb#00e00b\u00bb text_orientation=\u00bbright\u00bb custom_margin=\u00bb|100px|||false|false\u00bb custom_margin_tablet=\u00bb|0px|||false|false\u00bb custom_margin_phone=\u00bb|0px|||false|false\u00bb custom_margin_last_edited=\u00bbon|phone\u00bb hover_enabled=\u00bb0&#8243; text_font_size_tablet=\u00bb\u00bb text_font_size_phone=\u00bb16px\u00bb text_font_size_last_edited=\u00bbon|phone\u00bb link_text_align_tablet=\u00bbcenter\u00bb link_text_align_phone=\u00bbcenter\u00bb link_text_align_last_edited=\u00bbon|phone\u00bb text_orientation_tablet=\u00bbcenter\u00bb text_orientation_phone=\u00bb\u00bb text_orientation_last_edited=\u00bbon|phone\u00bb border_color_left=\u00bbgcid-3d22bfca-064e-4ba7-9dfc-e7f07f9cfa30&#8243; global_colors_info=\u00bb{%22gcid-3d22bfca-064e-4ba7-9dfc-e7f07f9cfa30%22:%91%22border_color_left%22%93}\u00bb sticky_enabled=\u00bb0&#8243;]@ET-DC@eyJkeW5hbWljIjp0cnVlLCJjb250ZW50IjoicG9zdF90aXRsZSIsInNldHRpbmdzIjp7ImJlZm9yZSI6IjxhIGhyZWY9XCJodHRwczovL2xvbWJyaWNvbHR1cmFzaWNpbGlhbmEuaXQvZXMvXCIgdGFyZ2V0PVwiX3NlbGZcIj4gSG9tZSB8IDwvYT4iLCJhZnRlciI6IiJ9fQ==@[\/et_pb_text][\/et_pb_column][\/et_pb_row][\/et_pb_section][et_pb_section fb_built=\u00bb1&#8243; _builder_version=\u00bb4.20.0&#8243; _module_preset=\u00bbdefault\u00bb global_colors_info=\u00bb{}\u00bb][et_pb_row _builder_version=\u00bb4.20.0&#8243; _module_preset=\u00bbdefault\u00bb global_colors_info=\u00bb{}\u00bb][et_pb_column type=\u00bb4_4&#8243; _builder_version=\u00bb4.20.0&#8243; _module_preset=\u00bbdefault\u00bb global_colors_info=\u00bb{}\u00bb][dipl_text_highlighter highlighter_content=\u00bbAviso Legal\u00bb use_as_heading=\u00bbon\u00bb svg_color=\u00bb#3d2316&#8243; _builder_version=\u00bb4.23.3&#8243; _module_preset=\u00bbdefault\u00bb global_title_text_align=\u00bbleft\u00bb global_title_text_color=\u00bb#067118&#8243; global_title_font_size=\u00bb38px\u00bb global_title_text_align_tablet=\u00bbleft\u00bb global_title_text_align_phone=\u00bbcenter\u00bb global_title_text_align_last_edited=\u00bbon|phone\u00bb global_title_font_size_tablet=\u00bb38px\u00bb global_title_font_size_phone=\u00bb28px\u00bb global_title_font_size_last_edited=\u00bbon|phone\u00bb global_colors_info=\u00bb{}\u00bb][\/dipl_text_highlighter][\/et_pb_column][\/et_pb_row][et_pb_row _builder_version=\u00bb4.20.0&#8243; _module_preset=\u00bbdefault\u00bb global_colors_info=\u00bb{}\u00bb][et_pb_column type=\u00bb4_4&#8243; _builder_version=\u00bb4.20.0&#8243; _module_preset=\u00bbdefault\u00bb global_colors_info=\u00bb{}\u00bb][et_pb_text _builder_version=\u00bb4.23.3&#8243; _module_preset=\u00bbdefault\u00bb text_font_size=\u00bb16px\u00bb text_font_size_tablet=\u00bb\u00bb text_font_size_phone=\u00bb16px\u00bb text_font_size_last_edited=\u00bbon|phone\u00bb global_colors_info=\u00bb{}\u00bb]<\/p>\n<p><strong>Uso del Sitio Web:<br \/><\/strong>El uso y la navegaci\u00f3n de los servicios y p\u00e1ginas relacionadas con el sitio web www.lombricolturasiciliana.it implican la aceptaci\u00f3n de los t\u00e9rminos y condiciones establecidos en esta secci\u00f3n. Quienes no deseen someterse a ellos no pueden acceder, utilizar o descargar material del sitio.\u00a0<\/p>\n<p><strong>Responsabilidad<\/strong>:<br \/>LOMBRICOLTURA SICILIANA Soc. Agr. a.r.l. se esfuerza por ofrecer a los usuarios un uso \u00f3ptimo del portal y evitar, en la medida de lo posible, cualquier disfunci\u00f3n por la cual no pueda ser considerada responsable de interrupciones u otros problemas t\u00e9cnicos. Asimismo, no asume responsabilidad por las consecuencias causadas por agentes o acciones externas. En cuanto al contenido (art\u00edculos, fotos, im\u00e1genes, documentos, enlaces), la empresa se reserva el derecho de modificarlo o eliminarlo en cualquier momento y sin previo aviso. Tambi\u00e9n se especifica que la informaci\u00f3n contenida en el sitio no tiene la finalidad de ofrecer opiniones profesionales o legales. Sujeto a las disposiciones legales sobre responsabilidad, LOMBRICOLTURA SICILIANA Soc. Agr. a.r.l. no asume responsabilidad por posibles da\u00f1os directos o indirectos derivados del uso de la informaci\u00f3n en el sitio. El personal t\u00e9cnico y editorial presta la m\u00e1xima atenci\u00f3n a la inserci\u00f3n de enlaces externos, pero al no tener control directo, no puede ser considerado responsable de su contenido.\u00a0<\/p>\n<p><strong>Derecho de Autor<\/strong>:<br \/>Todo el contenido est\u00e1 protegido por la legislaci\u00f3n de privacidad y derechos de autor. Los documentos preparados para su descarga (hojas t\u00e9cnicas, folletos, formularios, fotos, textos) se pueden descargar de forma gratuita, y su reproducci\u00f3n o uso est\u00e1 permitido con la indicaci\u00f3n de la fuente, a menos que se indique lo contrario. Si hay material proporcionado por fuentes externas, LOMBRICOLTURA SICILIANA Soc. Agr. a.r.l. no transfiere ning\u00fan derecho; pertenece al leg\u00edtimo propietario que decide su uso.<\/p>\n<p>[\/et_pb_text][\/et_pb_column][\/et_pb_row][\/et_pb_section]<\/p>\n","protected":false},"excerpt":{"rendered":"<p><div class=\"et_pb_module dipl_text_highlighter dipl_text_highlighter_0\">\n\t\t\t\t\n\t\t\t\t\n\t\t\t\t\n\t\t\t\t\n\t\t\t\t\n\t\t\t\t\n\t\t\t\t<div class=\"et_pb_module_inner\">\n\t\t\t\t\t<div class=\"dipl_text_highlighter_wrapper dipl_highlighter_heading dipl_highlight_zigzag \"><h2><span class=\"dipl_text_highlighter_inner_wrapper\"><span class=\"dipl_text_highlighted_content\">Aviso Legal<\/span><?xml version=\"1.0\" encoding=\"utf-8\"?><!-- Generator: Adobe Illustrator 24.3.0, SVG Export Plug-In . SVG Version: 6.00 Build 0)  --><svg version=\"1.1\" xmlns=\"http:\/\/www.w3.org\/2000\/svg\" xmlns:xlink=\"http:\/\/www.w3.org\/1999\/xlink\" x=\"0px\" y=\"0px\" viewBox=\"0 0 175.3 17.9\" style=\"enable-background:new 0 0 175.3 17.9;\" xml:space=\"preserve\"><style type=\"text\/css\">.st0{fill:none;stroke:#231F20;stroke-width:2.5;stroke-linecap:round;stroke-linejoin:round;}<\/style><path class=\"st0\" d=\"M4,9.3c0,0,106.8-8.9,167.2-1.9c0,0-91.1-0.4-114.6,3.8c0,0,37-1.7,55.2,1.9\"\/><\/svg><\/span><\/h2><\/div>\n\t\t\t\t<\/div>\n\t\t\t<\/div>Uso del Sitio Web:El uso y la navegaci\u00f3n de los servicios y p\u00e1ginas relacionadas con el sitio web www.lombricolturasiciliana.it implican la aceptaci\u00f3n de los t\u00e9rminos y condiciones establecidos en esta secci\u00f3n. Quienes no deseen someterse a ellos no pueden [&hellip;]<\/p>\n","protected":false},"author":1,"featured_media":0,"parent":0,"menu_order":0,"comment_status":"closed","ping_status":"closed","template":"","meta":{"_et_pb_use_builder":"on","_et_pb_old_content":"","_et_gb_content_width":"","footnotes":""},"class_list":["post-249914","page","type-page","status-publish","hentry"],"_links":{"self":[{"href":"https:\/\/lombricolturasiciliana.it\/es\/wp-json\/wp\/v2\/pages\/249914","targetHints":{"allow":["GET"]}}],"collection":[{"href":"https:\/\/lombricolturasiciliana.it\/es\/wp-json\/wp\/v2\/pages"}],"about":[{"href":"https:\/\/lombricolturasiciliana.it\/es\/wp-json\/wp\/v2\/types\/page"}],"author":[{"embeddable":true,"href":"https:\/\/lombricolturasiciliana.it\/es\/wp-json\/wp\/v2\/users\/1"}],"replies":[{"embeddable":true,"href":"https:\/\/lombricolturasiciliana.it\/es\/wp-json\/wp\/v2\/comments?post=249914"}],"version-history":[{"count":6,"href":"https:\/\/lombricolturasiciliana.it\/es\/wp-json\/wp\/v2\/pages\/249914\/revisions"}],"predecessor-version":[{"id":250233,"href":"https:\/\/lombricolturasiciliana.it\/es\/wp-json\/wp\/v2\/pages\/249914\/revisions\/250233"}],"wp:attachment":[{"href":"https:\/\/lombricolturasiciliana.it\/es\/wp-json\/wp\/v2\/media?parent=249914"}],"curies":[{"name":"wp","href":"https:\/\/api.w.org\/{rel}","templated":true}]}}