{"id":249709,"date":"2023-02-25T17:42:26","date_gmt":"2023-02-25T16:42:26","guid":{"rendered":"https:\/\/lombricolturasiciliana.it\/contatti\/"},"modified":"2023-12-29T17:56:14","modified_gmt":"2023-12-29T16:56:14","slug":"contactos","status":"publish","type":"page","link":"https:\/\/lombricolturasiciliana.it\/es\/contactos\/","title":{"rendered":"Contactos"},"content":{"rendered":"<p>[et_pb_section fb_built=\u00bb1&#8243; admin_label=\u00bbBreadcrumb Section\u00bb module_class=\u00bbbreadcrumb-filtro\u00bb _builder_version=\u00bb4.21.0&#8243; _module_preset=\u00bbdefault\u00bb background_image=\u00bbhttps:\/\/lombricolturasiciliana.it\/wp-content\/uploads\/2023\/04\/sfondo-breadcrumb.webp\u00bb width=\u00bb100%\u00bb max_width=\u00bb100%\u00bb min_height=\u00bb300px\u00bb height_tablet=\u00bb200px\u00bb height_phone=\u00bb200px\u00bb height_last_edited=\u00bbon|phone\u00bb box_shadow_style=\u00bbpreset3&#8243; box_shadow_horizontal=\u00bb25px\u00bb box_shadow_blur=\u00bb19px\u00bb global_colors_info=\u00bb{}\u00bb height__hover_enabled=\u00bboff|desktop\u00bb][et_pb_row column_structure=\u00bb1_2,1_2&#8243; admin_label=\u00bbBreadcrumb\u00bb _builder_version=\u00bb4.16&#8243; _module_preset=\u00bbdefault\u00bb width=\u00bb100%\u00bb max_width=\u00bb100%\u00bb custom_margin=\u00bb46px||||false|false\u00bb global_colors_info=\u00bb{}\u00bb][et_pb_column type=\u00bb1_2&#8243; _builder_version=\u00bb4.16&#8243; _module_preset=\u00bbdefault\u00bb global_colors_info=\u00bb{}\u00bb][et_pb_text admin_label=\u00bbTitolo Pagina (Testo dinamico)\u00bb _builder_version=\u00bb4.16&#8243; _dynamic_attributes=\u00bbcontent\u00bb _module_preset=\u00bbdefault\u00bb text_font=\u00bb|300|||||||\u00bb text_text_color=\u00bb#ffffff\u00bb text_font_size=\u00bb38px\u00bb text_letter_spacing=\u00bb2px\u00bb custom_margin=\u00bb|||100px|false|false\u00bb custom_margin_tablet=\u00bb|||0px|false|false\u00bb custom_margin_phone=\u00bb\u00bb custom_margin_last_edited=\u00bbon|phone\u00bb text_font_size_tablet=\u00bb37px\u00bb text_font_size_phone=\u00bb28px\u00bb text_font_size_last_edited=\u00bbon|phone\u00bb text_orientation_tablet=\u00bbcenter\u00bb text_orientation_phone=\u00bb\u00bb text_orientation_last_edited=\u00bbon|phone\u00bb border_color_left=\u00bbgcid-3d22bfca-064e-4ba7-9dfc-e7f07f9cfa30&#8243; global_colors_info=\u00bb{%22gcid-3d22bfca-064e-4ba7-9dfc-e7f07f9cfa30%22:%91%22border_color_left%22%93}\u00bb]@ET-DC@eyJkeW5hbWljIjp0cnVlLCJjb250ZW50IjoicG9zdF90aXRsZSIsInNldHRpbmdzIjp7ImJlZm9yZSI6IiIsImFmdGVyIjoiIn19@[\/et_pb_text][\/et_pb_column][et_pb_column type=\u00bb1_2&#8243; _builder_version=\u00bb4.16&#8243; _module_preset=\u00bbdefault\u00bb global_colors_info=\u00bb{}\u00bb][et_pb_text admin_label=\u00bbUrl (Testo dinamico)\u00bb _builder_version=\u00bb4.23.4&#8243; _dynamic_attributes=\u00bbcontent\u00bb _module_preset=\u00bbdefault\u00bb text_font=\u00bb|300|||||||\u00bb text_text_color=\u00bb#FFFFFF\u00bb text_font_size=\u00bb18px\u00bb link_font=\u00bb||||||||\u00bb link_text_color=\u00bb#00e00b\u00bb text_orientation=\u00bbright\u00bb custom_margin=\u00bb|100px|||false|false\u00bb custom_margin_tablet=\u00bb|0px|||false|false\u00bb custom_margin_phone=\u00bb|0px|||false|false\u00bb custom_margin_last_edited=\u00bbon|phone\u00bb hover_enabled=\u00bb0&#8243; text_font_size_tablet=\u00bb\u00bb text_font_size_phone=\u00bb16px\u00bb text_font_size_last_edited=\u00bbon|phone\u00bb link_text_align_tablet=\u00bbcenter\u00bb link_text_align_phone=\u00bbcenter\u00bb link_text_align_last_edited=\u00bbon|phone\u00bb text_orientation_tablet=\u00bbcenter\u00bb text_orientation_phone=\u00bb\u00bb text_orientation_last_edited=\u00bbon|phone\u00bb border_color_left=\u00bbgcid-3d22bfca-064e-4ba7-9dfc-e7f07f9cfa30&#8243; global_colors_info=\u00bb{%22gcid-3d22bfca-064e-4ba7-9dfc-e7f07f9cfa30%22:%91%22border_color_left%22%93}\u00bb sticky_enabled=\u00bb0&#8243;]@ET-DC@eyJkeW5hbWljIjp0cnVlLCJjb250ZW50IjoicG9zdF90aXRsZSIsInNldHRpbmdzIjp7ImJlZm9yZSI6IjxhIGhyZWY9XCJodHRwczovL2xvbWJyaWNvbHR1cmFzaWNpbGlhbmEuaXQvZXMvXCIgdGFyZ2V0PVwiX3NlbGZcIj4gSG9tZSB8IDwvYT4iLCJhZnRlciI6IiJ9fQ==@[\/et_pb_text][\/et_pb_column][\/et_pb_row][\/et_pb_section][et_pb_section fb_built=\u00bb1&#8243; _builder_version=\u00bb4.16&#8243; _module_preset=\u00bbdefault\u00bb custom_margin=\u00bb0px||0px||false|false\u00bb custom_padding=\u00bb12px||12px||true|false\u00bb global_colors_info=\u00bb{}\u00bb][et_pb_row _builder_version=\u00bb4.16&#8243; _module_preset=\u00bbdefault\u00bb global_colors_info=\u00bb{}\u00bb][et_pb_column type=\u00bb4_4&#8243; _builder_version=\u00bb4.16&#8243; _module_preset=\u00bbdefault\u00bb global_colors_info=\u00bb{}\u00bb][dipl_text_highlighter highlighter_content=\u00bbContactos y datos de contacto\u00bb use_as_heading=\u00bbon\u00bb svg_color=\u00bbgcid-b5dbc1e9-6b25-4477-93e3-d361731072ea\u00bb _builder_version=\u00bb4.23.2&#8243; _module_preset=\u00bbc598daf8-c07b-4f95-9837-93e190393817&#8243; global_title_text_color=\u00bbgcid-3d22bfca-064e-4ba7-9dfc-e7f07f9cfa30&#8243; global_title_font_size=\u00bb38px\u00bb global_title_font_size_tablet=\u00bb38px\u00bb global_title_font_size_phone=\u00bb28px\u00bb global_title_font_size_last_edited=\u00bbon|phone\u00bb global_colors_info=\u00bb{%22gcid-3d22bfca-064e-4ba7-9dfc-e7f07f9cfa30%22:%91%22global_title_text_color%22%93,%22gcid-b5dbc1e9-6b25-4477-93e3-d361731072ea%22:%91%22svg_color%22%93}\u00bb][\/dipl_text_highlighter][et_pb_text _builder_version=\u00bb4.23.2&#8243; _module_preset=\u00bbdefault\u00bb border_color_left=\u00bbgcid-3d22bfca-064e-4ba7-9dfc-e7f07f9cfa30&#8243; global_colors_info=\u00bb{%22gcid-3d22bfca-064e-4ba7-9dfc-e7f07f9cfa30%22:%91%22border_color_left%22%93}\u00bb]<\/p>\n<h5>Para cualquier informaci\u00f3n puede contactar con nosotros a trav\u00e9s del siguiente formulario o a trav\u00e9s de nuestros datos de contacto<\/h5>\n<p>[\/et_pb_text][\/et_pb_column][\/et_pb_row][\/et_pb_section][et_pb_section fb_built=\u00bb1&#8243; _builder_version=\u00bb4.16&#8243; _module_preset=\u00bbdefault\u00bb custom_padding=\u00bb4px|||||\u00bb global_colors_info=\u00bb{}\u00bb][et_pb_row column_structure=\u00bb2_3,1_3&#8243; _builder_version=\u00bb4.16&#8243; _module_preset=\u00bbdefault\u00bb custom_margin=\u00bb0px||0px||true|false\u00bb custom_padding=\u00bb0px||0px||true|false\u00bb global_colors_info=\u00bb{}\u00bb][et_pb_column type=\u00bb2_3&#8243; _builder_version=\u00bb4.16&#8243; _module_preset=\u00bbdefault\u00bb global_colors_info=\u00bb{}\u00bb][et_pb_contact_form email=\u00bbinfo@lombricolturasiciliana.it\u00bb title=\u00bbFormulario de contacto\u00bb custom_message=\u00bbMessaggio inviato dalla pagina Contatti da: %%nome%%||et_pb_line_break_holder||||et_pb_line_break_holder||Azienda: %%azienda%%||et_pb_line_break_holder||Email: %%email%%||et_pb_line_break_holder||Telefono: %%telefono%%||et_pb_line_break_holder||||et_pb_line_break_holder||Messaggio:||et_pb_line_break_holder||%%message%%||et_pb_line_break_holder||\u00bb success_message=\u00bbEl mensaje ha sido enviado exitosamente. Gracias por contactarnos.\u00bb admin_label=\u00bbForm di contatto\u00bb _builder_version=\u00bb4.23.2&#8243; _module_preset=\u00bbdefault\u00bb _unique_id=\u00bb23442389-877b-40e2-9e81-f35771cdf216&#8243; title_level=\u00bbh3&#8243; title_text_color=\u00bbgcid-13a403fe-dfa2-446f-b673-d79821e44209&#8243; title_font_size=\u00bb26px\u00bb custom_button=\u00bbon\u00bb button_text_size=\u00bb20px\u00bb button_text_color=\u00bb#FFFFFF\u00bb button_bg_color=\u00bbgcid-b5dbc1e9-6b25-4477-93e3-d361731072ea\u00bb button_border_width=\u00bb0px\u00bb button_border_radius=\u00bb6px\u00bb button_letter_spacing=\u00bb1px\u00bb display_conditions=\u00bbW10=\u00bb title_text_align_tablet=\u00bb\u00bb title_text_align_phone=\u00bbcenter\u00bb title_text_align_last_edited=\u00bbon|phone\u00bb title_font_size_tablet=\u00bb26px\u00bb title_font_size_phone=\u00bb24px\u00bb title_font_size_last_edited=\u00bbon|phone\u00bb custom_css_contact_button=\u00bbwidth: 100%\u00bb custom_css_contact_message=\u00bbfont-size: 13px;||color: #ff0000;\u00bb custom_css_bottom_container=\u00bbwidth: 100%;\u00bb global_colors_info=\u00bb{%22gcid-13a403fe-dfa2-446f-b673-d79821e44209%22:%91%22title_text_color%22%93,%22gcid-b5dbc1e9-6b25-4477-93e3-d361731072ea%22:%91%22button_bg_color%22%93}\u00bb button_bg_color__hover_enabled=\u00bbon|hover\u00bb button_bg_color__hover=\u00bbrgba(0,0,0,0.74)\u00bb button_bg_enable_color__hover=\u00bbon\u00bb][et_pb_contact_field field_id=\u00bbnome\u00bb field_title=\u00bbNombre de pila*\u00bb min_length=\u00bb2&#8243; max_length=\u00bb25&#8243; _builder_version=\u00bb4.23.2&#8243; _module_preset=\u00bbdefault\u00bb global_colors_info=\u00bb{}\u00bb button_text_size__hover_enabled=\u00bboff\u00bb button_one_text_size__hover_enabled=\u00bboff\u00bb button_two_text_size__hover_enabled=\u00bboff\u00bb button_text_color__hover_enabled=\u00bboff\u00bb button_one_text_color__hover_enabled=\u00bboff\u00bb button_two_text_color__hover_enabled=\u00bboff\u00bb button_border_width__hover_enabled=\u00bboff\u00bb button_one_border_width__hover_enabled=\u00bboff\u00bb button_two_border_width__hover_enabled=\u00bboff\u00bb button_border_color__hover_enabled=\u00bboff\u00bb button_one_border_color__hover_enabled=\u00bboff\u00bb button_two_border_color__hover_enabled=\u00bboff\u00bb button_border_radius__hover_enabled=\u00bboff\u00bb button_one_border_radius__hover_enabled=\u00bboff\u00bb button_two_border_radius__hover_enabled=\u00bboff\u00bb button_letter_spacing__hover_enabled=\u00bboff\u00bb button_one_letter_spacing__hover_enabled=\u00bboff\u00bb button_two_letter_spacing__hover_enabled=\u00bboff\u00bb button_bg_color__hover_enabled=\u00bboff\u00bb button_one_bg_color__hover_enabled=\u00bboff\u00bb button_two_bg_color__hover_enabled=\u00bboff\u00bb][\/et_pb_contact_field][et_pb_contact_field field_id=\u00bbazienda\u00bb field_title=\u00bbEmpresa\u00bb min_length=\u00bb2&#8243; max_length=\u00bb25&#8243; required_mark=\u00bboff\u00bb _builder_version=\u00bb4.23.2&#8243; _module_preset=\u00bbdefault\u00bb global_colors_info=\u00bb{}\u00bb][\/et_pb_contact_field][et_pb_contact_field field_id=\u00bbemail\u00bb field_title=\u00bbIndirizzo e-mail*\u00bb field_type=\u00bbemail\u00bb _builder_version=\u00bb4.23.1&#8243; _module_preset=\u00bbdefault\u00bb global_colors_info=\u00bb{}\u00bb button_text_size__hover_enabled=\u00bboff\u00bb button_one_text_size__hover_enabled=\u00bboff\u00bb button_two_text_size__hover_enabled=\u00bboff\u00bb button_text_color__hover_enabled=\u00bboff\u00bb button_one_text_color__hover_enabled=\u00bboff\u00bb button_two_text_color__hover_enabled=\u00bboff\u00bb button_border_width__hover_enabled=\u00bboff\u00bb button_one_border_width__hover_enabled=\u00bboff\u00bb button_two_border_width__hover_enabled=\u00bboff\u00bb button_border_color__hover_enabled=\u00bboff\u00bb button_one_border_color__hover_enabled=\u00bboff\u00bb button_two_border_color__hover_enabled=\u00bboff\u00bb button_border_radius__hover_enabled=\u00bboff\u00bb button_one_border_radius__hover_enabled=\u00bboff\u00bb button_two_border_radius__hover_enabled=\u00bboff\u00bb button_letter_spacing__hover_enabled=\u00bboff\u00bb button_one_letter_spacing__hover_enabled=\u00bboff\u00bb button_two_letter_spacing__hover_enabled=\u00bboff\u00bb button_bg_color__hover_enabled=\u00bboff\u00bb button_one_bg_color__hover_enabled=\u00bboff\u00bb button_two_bg_color__hover_enabled=\u00bboff\u00bb][\/et_pb_contact_field][et_pb_contact_field field_id=\u00bbtelefono\u00bb field_title=\u00bbTel\u00e9fono\u00bb min_length=\u00bb10&#8243; max_length=\u00bb25&#8243; required_mark=\u00bboff\u00bb _builder_version=\u00bb4.23.2&#8243; _module_preset=\u00bbdefault\u00bb global_colors_info=\u00bb{}\u00bb][\/et_pb_contact_field][et_pb_contact_field field_id=\u00bbmessage\u00bb field_title=\u00bbmensaje*\u00bb field_type=\u00bbtext\u00bb fullwidth_field=\u00bbon\u00bb _builder_version=\u00bb4.23.2&#8243; _module_preset=\u00bbdefault\u00bb global_colors_info=\u00bb{}\u00bb button_text_size__hover_enabled=\u00bboff\u00bb button_one_text_size__hover_enabled=\u00bboff\u00bb button_two_text_size__hover_enabled=\u00bboff\u00bb button_text_color__hover_enabled=\u00bboff\u00bb button_one_text_color__hover_enabled=\u00bboff\u00bb button_two_text_color__hover_enabled=\u00bboff\u00bb button_border_width__hover_enabled=\u00bboff\u00bb button_one_border_width__hover_enabled=\u00bboff\u00bb button_two_border_width__hover_enabled=\u00bboff\u00bb button_border_color__hover_enabled=\u00bboff\u00bb button_one_border_color__hover_enabled=\u00bboff\u00bb button_two_border_color__hover_enabled=\u00bboff\u00bb button_border_radius__hover_enabled=\u00bboff\u00bb button_one_border_radius__hover_enabled=\u00bboff\u00bb button_two_border_radius__hover_enabled=\u00bboff\u00bb button_letter_spacing__hover_enabled=\u00bboff\u00bb button_one_letter_spacing__hover_enabled=\u00bboff\u00bb button_two_letter_spacing__hover_enabled=\u00bboff\u00bb button_bg_color__hover_enabled=\u00bboff\u00bb button_one_bg_color__hover_enabled=\u00bboff\u00bb button_two_bg_color__hover_enabled=\u00bboff\u00bb][\/et_pb_contact_field][et_pb_contact_field field_id=\u00bbprivacy_policy\u00bb field_title=\u00bbPrivacidad informativa*\u00bb field_type=\u00bbcheckbox\u00bb checkbox_options=\u00bb%91{%22value%22:%22He le\u00eddo la pol\u00edtica de privacidad &#8211; %22,%22checked%22:0,%22dragID%22:-1,%22link_url%22:%22\/privacy-policy%22,%22link_text%22:%22Pol\u00edtica de privacidad%22}%93&#8243; fullwidth_field=\u00bbon\u00bb _builder_version=\u00bb4.23.2&#8243; _module_preset=\u00bbdefault\u00bb form_field_font_size=\u00bb14px\u00bb custom_margin=\u00bb||50px||false|false\u00bb link_option_url=\u00bb#\u00bb global_colors_info=\u00bb{}\u00bb][\/et_pb_contact_field][\/et_pb_contact_form][\/et_pb_column][et_pb_column type=\u00bb1_3&#8243; _builder_version=\u00bb4.16&#8243; _module_preset=\u00bbdefault\u00bb global_colors_info=\u00bb{}\u00bb][et_pb_text _builder_version=\u00bb4.23.2&#8243; _module_preset=\u00bbdefault\u00bb header_4_font=\u00bb|600||||on|||\u00bb header_4_font_size=\u00bb21px\u00bb header_4_letter_spacing=\u00bb1px\u00bb border_color_left=\u00bbgcid-3d22bfca-064e-4ba7-9dfc-e7f07f9cfa30&#8243; locked=\u00bboff\u00bb global_colors_info=\u00bb{%22gcid-3d22bfca-064e-4ba7-9dfc-e7f07f9cfa30%22:%91%22border_color_left%22%93}\u00bb]<\/p>\n<h4>Nuestros datos de contacto<\/h4>\n<p>[\/et_pb_text][et_pb_blurb title=\u00bbCorreo electr\u00f3nico\u00bb use_icon=\u00bbon\u00bb font_icon=\u00bb&#xe010;||divi||400&#8243; icon_color=\u00bb#ffffff\u00bb image_icon_background_color=\u00bb#6cbe02&#8243; icon_placement=\u00bbleft\u00bb image_icon_width=\u00bb26px\u00bb _builder_version=\u00bb4.23.2&#8243; _module_preset=\u00bbdefault\u00bb header_text_color=\u00bbgcid-b5dbc1e9-6b25-4477-93e3-d361731072ea\u00bb image_icon_custom_padding=\u00bb8px|8px|8px|8px|false|false\u00bb custom_margin=\u00bb16px||||false|false\u00bb border_radii_image=\u00bbon|100%|100%|100%|100%\u00bb border_width_all_image=\u00bb2px\u00bb border_color_all_image=\u00bb#6cbe02&#8243; icon_font_size=\u00bb26px\u00bb use_circle=\u00bbon\u00bb use_circle_border=\u00bbon\u00bb circle_border_color=\u00bb#6cbe02&#8243; circle_color=\u00bb#6cbe02&#8243; circle_color__hover=\u00bb#ffffff\u00bb circle_color__hover_enabled=\u00bbon|hover\u00bb locked=\u00bboff\u00bb global_colors_info=\u00bb{%22gcid-b5dbc1e9-6b25-4477-93e3-d361731072ea%22:%91%22icon_color%22,%22header_text_color%22,%22background_color__hover%22%93}\u00bb background_color__hover=\u00bb#3d2316&#8243; icon_color__hover_enabled=\u00bbon|hover\u00bb icon_color__hover=\u00bb#0c71c3&#8243; image_icon_background_color__hover=\u00bb#ffffff\u00bb image_icon_background_color__hover_enabled=\u00bbon|hover\u00bb image_icon_background_color__sticky_enabled=\u00bb#7EBEC5&#8243; image_icon_background_color__sticky=\u00bb#7EBEC5&#8243;]<\/p>\n<p>info@lombricolturasiciliana.it<\/p>\n<p>[\/et_pb_blurb][et_pb_blurb title=\u00bbTel\u00e9fono m\u00f3vil\u00bb use_icon=\u00bbon\u00bb font_icon=\u00bb&#xe00b;||divi||400&#8243; icon_color=\u00bb#ffffff\u00bb image_icon_background_color=\u00bb#6cbe02&#8243; icon_placement=\u00bbleft\u00bb image_icon_width=\u00bb26px\u00bb _builder_version=\u00bb4.23.2&#8243; _module_preset=\u00bbdefault\u00bb header_text_color=\u00bbgcid-b5dbc1e9-6b25-4477-93e3-d361731072ea\u00bb image_icon_custom_padding=\u00bb8px|8px|8px|8px|false|false\u00bb custom_margin=\u00bb16px||||false|false\u00bb border_radii_image=\u00bbon|100%|100%|100%|100%\u00bb border_width_all_image=\u00bb2px\u00bb border_color_all_image=\u00bb#6cbe02&#8243; icon_font_size=\u00bb26px\u00bb use_circle=\u00bbon\u00bb use_circle_border=\u00bbon\u00bb circle_border_color=\u00bb#6cbe02&#8243; circle_color=\u00bb#6cbe02&#8243; circle_color__hover=\u00bb#ffffff\u00bb circle_color__hover_enabled=\u00bbon|hover\u00bb locked=\u00bboff\u00bb global_colors_info=\u00bb{%22gcid-b5dbc1e9-6b25-4477-93e3-d361731072ea%22:%91%22icon_color%22,%22header_text_color%22,%22background_color__hover%22%93}\u00bb background_color__hover=\u00bb#3d2316&#8243; icon_color__hover=\u00bb#0c71c3&#8243; icon_color__hover_enabled=\u00bbon|hover\u00bb image_icon_background_color__hover=\u00bb#ffffff\u00bb image_icon_background_color__hover_enabled=\u00bbon|hover\u00bb image_icon_background_color__sticky_enabled=\u00bb#7EBEC5&#8243; image_icon_background_color__sticky=\u00bb#7EBEC5&#8243;]<\/p>\n<p><a href=\"tel:+393737780808\">(+39) 373 778 0808<\/a><\/p>\n<p>[\/et_pb_blurb][et_pb_blurb title=\u00bbDirecci\u00f3n\u00bb use_icon=\u00bbon\u00bb font_icon=\u00bb&#xe01d;||divi||400&#8243; icon_color=\u00bb#ffffff\u00bb image_icon_background_color=\u00bb#6cbe02&#8243; icon_placement=\u00bbleft\u00bb image_icon_width=\u00bb26px\u00bb _builder_version=\u00bb4.23.2&#8243; _module_preset=\u00bbdefault\u00bb header_text_color=\u00bbgcid-b5dbc1e9-6b25-4477-93e3-d361731072ea\u00bb image_icon_custom_padding=\u00bb8px|8px|8px|8px|false|false\u00bb custom_margin=\u00bb16px||||false|false\u00bb border_radii_image=\u00bbon|100%|100%|100%|100%\u00bb border_width_all_image=\u00bb2px\u00bb border_color_all_image=\u00bb#6cbe02&#8243; icon_font_size=\u00bb26px\u00bb use_circle=\u00bbon\u00bb use_circle_border=\u00bbon\u00bb circle_border_color=\u00bb#6cbe02&#8243; circle_color=\u00bb#6cbe02&#8243; circle_color__hover=\u00bb#ffffff\u00bb circle_color__hover_enabled=\u00bbon|hover\u00bb locked=\u00bboff\u00bb global_colors_info=\u00bb{%22gcid-b5dbc1e9-6b25-4477-93e3-d361731072ea%22:%91%22icon_color%22,%22header_text_color%22,%22background_color__hover%22%93}\u00bb background_color__hover=\u00bb#3d2316&#8243; icon_color__hover=\u00bb#0c71c3&#8243; icon_color__hover_enabled=\u00bbon|hover\u00bb image_icon_background_color__hover=\u00bb#ffffff\u00bb image_icon_background_color__hover_enabled=\u00bbon|hover\u00bb image_icon_background_color__sticky_enabled=\u00bb#7EBEC5&#8243; image_icon_background_color__sticky=\u00bb#7EBEC5&#8243;]<\/p>\n<p>Via Milano, 40<br \/>94013 Leonforte (EN)<\/p>\n<p>[\/et_pb_blurb][\/et_pb_column][\/et_pb_row][\/et_pb_section][et_pb_section fb_built=\u00bb1&#8243; fullwidth=\u00bbon\u00bb _builder_version=\u00bb4.16&#8243; _module_preset=\u00bbdefault\u00bb locked=\u00bboff\u00bb global_colors_info=\u00bb{}\u00bb][et_pb_fullwidth_code _builder_version=\u00bb4.23.1&#8243; _module_preset=\u00bbdefault\u00bb global_colors_info=\u00bb{}\u00bb]<iframe src=\"https:\/\/www.google.com\/maps\/embed?pb=!1m14!1m8!1m3!1d12630.426559357027!2d14.333994!3d37.6819498!3m2!1i1024!2i768!4f13.1!3m3!1m2!1s0x131129fe6e04d0fb%3A0x1f7d40e7464227f8!2sHumus%20biologico-Lombricoltura%20Siciliana!5e0!3m2!1sit!2sit!4v1699598869396!5m2!1sit!2sit\" width=\"100%\" height=\"450\" style=\"border:0;\" allowfullscreen=\"\" loading=\"lazy\" referrerpolicy=\"no-referrer-when-downgrade\"><\/iframe>[\/et_pb_fullwidth_code][\/et_pb_section]<\/p>\n","protected":false},"excerpt":{"rendered":"<p><div class=\"et_pb_module dipl_text_highlighter dipl_text_highlighter_0\">\n\t\t\t\t\n\t\t\t\t\n\t\t\t\t\n\t\t\t\t\n\t\t\t\t\n\t\t\t\t\n\t\t\t\t<div class=\"et_pb_module_inner\">\n\t\t\t\t\t<div class=\"dipl_text_highlighter_wrapper dipl_highlighter_heading dipl_highlight_zigzag \"><h2><span class=\"dipl_text_highlighter_inner_wrapper\"><span class=\"dipl_text_highlighted_content\">Contactos y datos de contacto<\/span><?xml version=\"1.0\" encoding=\"utf-8\"?><!-- Generator: Adobe Illustrator 24.3.0, SVG Export Plug-In . SVG Version: 6.00 Build 0)  --><svg version=\"1.1\" xmlns=\"http:\/\/www.w3.org\/2000\/svg\" xmlns:xlink=\"http:\/\/www.w3.org\/1999\/xlink\" x=\"0px\" y=\"0px\" viewBox=\"0 0 175.3 17.9\" style=\"enable-background:new 0 0 175.3 17.9;\" xml:space=\"preserve\"><style type=\"text\/css\">.st0{fill:none;stroke:#231F20;stroke-width:2.5;stroke-linecap:round;stroke-linejoin:round;}<\/style><path class=\"st0\" d=\"M4,9.3c0,0,106.8-8.9,167.2-1.9c0,0-91.1-0.4-114.6,3.8c0,0,37-1.7,55.2,1.9\"\/><\/svg><\/span><\/h2><\/div>\n\t\t\t\t<\/div>\n\t\t\t<\/div>Para cualquier informaci\u00f3n puede contactar con nosotros a trav\u00e9s del siguiente formulario o a trav\u00e9s de nuestros datos de contactoNuestros datos de contactoinfo@lombricolturasiciliana.it(+39) 373 778 0808Via Milano, 4094013 Leonforte (EN)<\/p>\n","protected":false},"author":1,"featured_media":0,"parent":0,"menu_order":0,"comment_status":"closed","ping_status":"closed","template":"","meta":{"_et_pb_use_builder":"on","_et_pb_old_content":"<!-- wp:divi\/placeholder \/-->","_et_gb_content_width":"","footnotes":""},"class_list":["post-249709","page","type-page","status-publish","hentry"],"_links":{"self":[{"href":"https:\/\/lombricolturasiciliana.it\/es\/wp-json\/wp\/v2\/pages\/249709","targetHints":{"allow":["GET"]}}],"collection":[{"href":"https:\/\/lombricolturasiciliana.it\/es\/wp-json\/wp\/v2\/pages"}],"about":[{"href":"https:\/\/lombricolturasiciliana.it\/es\/wp-json\/wp\/v2\/types\/page"}],"author":[{"embeddable":true,"href":"https:\/\/lombricolturasiciliana.it\/es\/wp-json\/wp\/v2\/users\/1"}],"replies":[{"embeddable":true,"href":"https:\/\/lombricolturasiciliana.it\/es\/wp-json\/wp\/v2\/comments?post=249709"}],"version-history":[{"count":11,"href":"https:\/\/lombricolturasiciliana.it\/es\/wp-json\/wp\/v2\/pages\/249709\/revisions"}],"predecessor-version":[{"id":250231,"href":"https:\/\/lombricolturasiciliana.it\/es\/wp-json\/wp\/v2\/pages\/249709\/revisions\/250231"}],"wp:attachment":[{"href":"https:\/\/lombricolturasiciliana.it\/es\/wp-json\/wp\/v2\/media?parent=249709"}],"curies":[{"name":"wp","href":"https:\/\/api.w.org\/{rel}","templated":true}]}}