{"id":249883,"date":"2023-02-28T15:38:05","date_gmt":"2023-02-28T14:38:05","guid":{"rendered":"https:\/\/lombricolturasiciliana.it\/note-legali\/"},"modified":"2023-12-29T17:18:23","modified_gmt":"2023-12-29T16:18:23","slug":"notes-legals","status":"publish","type":"page","link":"https:\/\/lombricolturasiciliana.it\/ca\/notes-legals\/","title":{"rendered":"Notes Legals"},"content":{"rendered":"<p>[et_pb_section fb_built=&#8221;1&#8243; admin_label=&#8221;Breadcrumb Section&#8221; module_class=&#8221;breadcrumb-filtro&#8221; _builder_version=&#8221;4.21.0&#8243; _module_preset=&#8221;default&#8221; background_image=&#8221;https:\/\/lombricolturasiciliana.it\/wp-content\/uploads\/2023\/04\/sfondo-breadcrumb.webp&#8221; width=&#8221;100%&#8221; max_width=&#8221;100%&#8221; min_height=&#8221;300px&#8221; height_tablet=&#8221;200px&#8221; height_phone=&#8221;200px&#8221; height_last_edited=&#8221;on|phone&#8221; box_shadow_style=&#8221;preset3&#8243; box_shadow_horizontal=&#8221;25px&#8221; box_shadow_blur=&#8221;19px&#8221; global_colors_info=&#8221;{}&#8221; height__hover_enabled=&#8221;off|desktop&#8221;][et_pb_row column_structure=&#8221;1_2,1_2&#8243; admin_label=&#8221;Breadcrumb&#8221; _builder_version=&#8221;4.16&#8243; _module_preset=&#8221;default&#8221; width=&#8221;100%&#8221; max_width=&#8221;100%&#8221; custom_margin=&#8221;46px||||false|false&#8221; global_colors_info=&#8221;{}&#8221;][et_pb_column type=&#8221;1_2&#8243; _builder_version=&#8221;4.16&#8243; _module_preset=&#8221;default&#8221; global_colors_info=&#8221;{}&#8221;][et_pb_text admin_label=&#8221;Titolo Pagina (Testo dinamico)&#8221; _builder_version=&#8221;4.16&#8243; _dynamic_attributes=&#8221;content&#8221; _module_preset=&#8221;default&#8221; text_font=&#8221;|300|||||||&#8221; text_text_color=&#8221;#ffffff&#8221; text_font_size=&#8221;38px&#8221; text_letter_spacing=&#8221;2px&#8221; custom_margin=&#8221;|||100px|false|false&#8221; custom_margin_tablet=&#8221;|||0px|false|false&#8221; custom_margin_phone=&#8221;&#8221; custom_margin_last_edited=&#8221;on|phone&#8221; text_font_size_tablet=&#8221;37px&#8221; text_font_size_phone=&#8221;28px&#8221; text_font_size_last_edited=&#8221;on|phone&#8221; text_orientation_tablet=&#8221;center&#8221; text_orientation_phone=&#8221;&#8221; text_orientation_last_edited=&#8221;on|phone&#8221; border_color_left=&#8221;gcid-3d22bfca-064e-4ba7-9dfc-e7f07f9cfa30&#8243; global_colors_info=&#8221;{%22gcid-3d22bfca-064e-4ba7-9dfc-e7f07f9cfa30%22:%91%22border_color_left%22%93}&#8221;]@ET-DC@eyJkeW5hbWljIjp0cnVlLCJjb250ZW50IjoicG9zdF90aXRsZSIsInNldHRpbmdzIjp7ImJlZm9yZSI6IiIsImFmdGVyIjoiIn19@[\/et_pb_text][\/et_pb_column][et_pb_column type=&#8221;1_2&#8243; _builder_version=&#8221;4.16&#8243; _module_preset=&#8221;default&#8221; global_colors_info=&#8221;{}&#8221;][et_pb_text admin_label=&#8221;Url (Testo dinamico)&#8221; _builder_version=&#8221;4.23.4&#8243; _dynamic_attributes=&#8221;content&#8221; _module_preset=&#8221;default&#8221; text_font=&#8221;|300|||||||&#8221; text_text_color=&#8221;#FFFFFF&#8221; text_font_size=&#8221;18px&#8221; link_font=&#8221;||||||||&#8221; link_text_color=&#8221;#00e00b&#8221; text_orientation=&#8221;right&#8221; custom_margin=&#8221;|100px|||false|false&#8221; custom_margin_tablet=&#8221;|0px|||false|false&#8221; custom_margin_phone=&#8221;|0px|||false|false&#8221; custom_margin_last_edited=&#8221;on|phone&#8221; hover_enabled=&#8221;0&#8243; text_font_size_tablet=&#8221;&#8221; text_font_size_phone=&#8221;16px&#8221; text_font_size_last_edited=&#8221;on|phone&#8221; link_text_align_tablet=&#8221;center&#8221; link_text_align_phone=&#8221;center&#8221; link_text_align_last_edited=&#8221;on|phone&#8221; text_orientation_tablet=&#8221;center&#8221; text_orientation_phone=&#8221;&#8221; text_orientation_last_edited=&#8221;on|phone&#8221; border_color_left=&#8221;gcid-3d22bfca-064e-4ba7-9dfc-e7f07f9cfa30&#8243; global_colors_info=&#8221;{%22gcid-3d22bfca-064e-4ba7-9dfc-e7f07f9cfa30%22:%91%22border_color_left%22%93}&#8221; sticky_enabled=&#8221;0&#8243;]@ET-DC@eyJkeW5hbWljIjp0cnVlLCJjb250ZW50IjoicG9zdF90aXRsZSIsInNldHRpbmdzIjp7ImJlZm9yZSI6IjxhIGhyZWY9XCJodHRwczovL2xvbWJyaWNvbHR1cmFzaWNpbGlhbmEuaXQvY2EvXCIgdGFyZ2V0PVwiX3NlbGZcIj4gSG9tZSB8IDwvYT4iLCJhZnRlciI6IiJ9fQ==@[\/et_pb_text][\/et_pb_column][\/et_pb_row][\/et_pb_section][et_pb_section fb_built=&#8221;1&#8243; _builder_version=&#8221;4.20.0&#8243; _module_preset=&#8221;default&#8221; global_colors_info=&#8221;{}&#8221;][et_pb_row _builder_version=&#8221;4.20.0&#8243; _module_preset=&#8221;default&#8221; global_colors_info=&#8221;{}&#8221;][et_pb_column type=&#8221;4_4&#8243; _builder_version=&#8221;4.20.0&#8243; _module_preset=&#8221;default&#8221; global_colors_info=&#8221;{}&#8221;][dipl_text_highlighter highlighter_content=&#8221;Av\u00eds Legal&#8221; use_as_heading=&#8221;on&#8221; svg_color=&#8221;#3d2316&#8243; _builder_version=&#8221;4.23.3&#8243; _module_preset=&#8221;default&#8221; global_title_text_align=&#8221;left&#8221; global_title_text_color=&#8221;#067118&#8243; global_title_font_size=&#8221;38px&#8221; global_title_text_align_tablet=&#8221;left&#8221; global_title_text_align_phone=&#8221;center&#8221; global_title_text_align_last_edited=&#8221;on|phone&#8221; global_title_font_size_tablet=&#8221;38px&#8221; global_title_font_size_phone=&#8221;28px&#8221; global_title_font_size_last_edited=&#8221;on|phone&#8221; global_colors_info=&#8221;{}&#8221;][\/dipl_text_highlighter][\/et_pb_column][\/et_pb_row][et_pb_row _builder_version=&#8221;4.20.0&#8243; _module_preset=&#8221;default&#8221; global_colors_info=&#8221;{}&#8221;][et_pb_column type=&#8221;4_4&#8243; _builder_version=&#8221;4.20.0&#8243; _module_preset=&#8221;default&#8221; global_colors_info=&#8221;{}&#8221;][et_pb_text _builder_version=&#8221;4.23.3&#8243; _module_preset=&#8221;default&#8221; text_font_size=&#8221;16px&#8221; text_font_size_tablet=&#8221;&#8221; text_font_size_phone=&#8221;16px&#8221; text_font_size_last_edited=&#8221;on|phone&#8221; global_colors_info=&#8221;{}&#8221;]<\/p>\n<p><strong>\u00das del Lloc Web:<\/strong><br \/>L&#8217;\u00fas i la navegaci\u00f3 dels serveis i p\u00e0gines relacionades amb el lloc web www.lombricolturasiciliana.it implica l&#8217;acceptaci\u00f3 dels termes i condicions establerts en aquesta secci\u00f3. Aquells que no desitgin sotmetre-s&#8217;hi no poden accedir, utilitzar o descarregar material del lloc.\u00a0<\/p>\n<p><strong>Responsabilitat<\/strong>:<br \/>LOMBRICOLTURA SICILIANA Soc. Agr. a.r.l. esfor\u00e7a per oferir als usuaris un \u00fas \u00f2ptim del portal i evitar, en la mesura del possible, qualsevol disfunci\u00f3 per la qual no pugui ser considerada responsable de interrupcions o altres problemes t\u00e8cnics. Aix\u00ed mateix, no assumeix responsabilitat per les conseq\u00fc\u00e8ncies causades per agents o accions externes. Pel que fa al contingut (articles, fotos, imatges, documents, enlla\u00e7os), l&#8217;empresa es reserva el dret de modificar-lo o eliminar-lo en qualsevol moment i sense previ av\u00eds. Tamb\u00e9 especifica que la informaci\u00f3 continguda al lloc no t\u00e9 la finalitat d&#8217;oferir opinions professionals o legals. Sotm\u00e8s a les disposicions legals sobre responsabilitat, LOMBRICOLTURA SICILIANA Soc. Agr. a.r.l. no assumeix responsabilitat pels possibles danys directes o indirectes derivats de l&#8217;\u00fas de la informaci\u00f3 al lloc. El personal t\u00e8cnic i editorial presta la m\u00e0xima atenci\u00f3 a la inserci\u00f3 d&#8217;enlla\u00e7os externs, per\u00f2 al no tenir control directe, no pot ser considerat responsable del seu contingut.\u00a0<\/p>\n<p><strong>Dret d&#8217;Autor:<br \/><\/strong>Tot el contingut est\u00e0 protegit per la legislaci\u00f3 de privadesa i drets d&#8217;autor. Els documents preparats per a la desc\u00e0rrega (fulls t\u00e8cnics, fullets, formularis, fotos, textos) es poden descarregar gratu\u00eftament, i la seva reproducci\u00f3 o \u00fas est\u00e0 perm\u00e8s amb la indicaci\u00f3 de la font, llevat que s&#8217;indiqui el contrari. Si hi ha material proporcionat per fonts externes, LOMBRICOLTURA SICILIANA Soc. Agr. a.r.l. no transfereix cap dret; pertany al leg\u00edtim propietari que decideix el seu \u00fas.<\/p>\n<p>[\/et_pb_text][\/et_pb_column][\/et_pb_row][\/et_pb_section]<\/p>\n","protected":false},"excerpt":{"rendered":"<p><div class=\"et_pb_module dipl_text_highlighter dipl_text_highlighter_0\">\n\t\t\t\t\n\t\t\t\t\n\t\t\t\t\n\t\t\t\t\n\t\t\t\t\n\t\t\t\t\n\t\t\t\t<div class=\"et_pb_module_inner\">\n\t\t\t\t\t<div class=\"dipl_text_highlighter_wrapper dipl_highlighter_heading dipl_highlight_zigzag \"><h2><span class=\"dipl_text_highlighter_inner_wrapper\"><span class=\"dipl_text_highlighted_content\">Av\u00eds Legal<\/span><?xml version=\"1.0\" encoding=\"utf-8\"?><!-- Generator: Adobe Illustrator 24.3.0, SVG Export Plug-In . SVG Version: 6.00 Build 0)  --><svg version=\"1.1\" xmlns=\"http:\/\/www.w3.org\/2000\/svg\" xmlns:xlink=\"http:\/\/www.w3.org\/1999\/xlink\" x=\"0px\" y=\"0px\" viewBox=\"0 0 175.3 17.9\" style=\"enable-background:new 0 0 175.3 17.9;\" xml:space=\"preserve\"><style type=\"text\/css\">.st0{fill:none;stroke:#231F20;stroke-width:2.5;stroke-linecap:round;stroke-linejoin:round;}<\/style><path class=\"st0\" d=\"M4,9.3c0,0,106.8-8.9,167.2-1.9c0,0-91.1-0.4-114.6,3.8c0,0,37-1.7,55.2,1.9\"\/><\/svg><\/span><\/h2><\/div>\n\t\t\t\t<\/div>\n\t\t\t<\/div>\u00das del Lloc Web:L&#8217;\u00fas i la navegaci\u00f3 dels serveis i p\u00e0gines relacionades amb el lloc web www.lombricolturasiciliana.it implica l&#8217;acceptaci\u00f3 dels termes i condicions establerts en aquesta secci\u00f3. Aquells que no desitgin sotmetre-s&#8217;hi no poden accedir, utilitzar o descarregar material [&hellip;]<\/p>\n","protected":false},"author":1,"featured_media":0,"parent":0,"menu_order":0,"comment_status":"closed","ping_status":"closed","template":"","meta":{"_et_pb_use_builder":"on","_et_pb_old_content":"","_et_gb_content_width":"","footnotes":""},"class_list":["post-249883","page","type-page","status-publish","hentry"],"_links":{"self":[{"href":"https:\/\/lombricolturasiciliana.it\/ca\/wp-json\/wp\/v2\/pages\/249883","targetHints":{"allow":["GET"]}}],"collection":[{"href":"https:\/\/lombricolturasiciliana.it\/ca\/wp-json\/wp\/v2\/pages"}],"about":[{"href":"https:\/\/lombricolturasiciliana.it\/ca\/wp-json\/wp\/v2\/types\/page"}],"author":[{"embeddable":true,"href":"https:\/\/lombricolturasiciliana.it\/ca\/wp-json\/wp\/v2\/users\/1"}],"replies":[{"embeddable":true,"href":"https:\/\/lombricolturasiciliana.it\/ca\/wp-json\/wp\/v2\/comments?post=249883"}],"version-history":[{"count":15,"href":"https:\/\/lombricolturasiciliana.it\/ca\/wp-json\/wp\/v2\/pages\/249883\/revisions"}],"predecessor-version":[{"id":250211,"href":"https:\/\/lombricolturasiciliana.it\/ca\/wp-json\/wp\/v2\/pages\/249883\/revisions\/250211"}],"wp:attachment":[{"href":"https:\/\/lombricolturasiciliana.it\/ca\/wp-json\/wp\/v2\/media?parent=249883"}],"curies":[{"name":"wp","href":"https:\/\/api.w.org\/{rel}","templated":true}]}}