{"id":249877,"date":"2023-02-28T16:38:17","date_gmt":"2023-02-28T15:38:17","guid":{"rendered":"https:\/\/lombricolturasiciliana.it\/privacy-policy\/"},"modified":"2023-12-29T17:17:02","modified_gmt":"2023-12-29T16:17:02","slug":"politica-de-privacitat","status":"publish","type":"page","link":"https:\/\/lombricolturasiciliana.it\/ca\/politica-de-privacitat\/","title":{"rendered":"Politica de Privacitat"},"content":{"rendered":"<p>[et_pb_section fb_built=&#8221;1&#8243; admin_label=&#8221;Breadcrumb Section&#8221; module_class=&#8221;breadcrumb-filtro&#8221; _builder_version=&#8221;4.21.0&#8243; _module_preset=&#8221;default&#8221; background_image=&#8221;https:\/\/lombricolturasiciliana.it\/wp-content\/uploads\/2023\/04\/sfondo-breadcrumb.webp&#8221; width=&#8221;100%&#8221; max_width=&#8221;100%&#8221; min_height=&#8221;300px&#8221; height_tablet=&#8221;200px&#8221; height_phone=&#8221;200px&#8221; height_last_edited=&#8221;on|phone&#8221; box_shadow_style=&#8221;preset3&#8243; box_shadow_horizontal=&#8221;25px&#8221; box_shadow_blur=&#8221;19px&#8221; global_colors_info=&#8221;{}&#8221; height__hover_enabled=&#8221;off|desktop&#8221;][et_pb_row column_structure=&#8221;1_2,1_2&#8243; admin_label=&#8221;Breadcrumb&#8221; _builder_version=&#8221;4.16&#8243; _module_preset=&#8221;default&#8221; width=&#8221;100%&#8221; max_width=&#8221;100%&#8221; custom_margin=&#8221;46px||||false|false&#8221; global_colors_info=&#8221;{}&#8221;][et_pb_column type=&#8221;1_2&#8243; _builder_version=&#8221;4.16&#8243; _module_preset=&#8221;default&#8221; global_colors_info=&#8221;{}&#8221;][et_pb_text admin_label=&#8221;Titolo Pagina (Testo dinamico)&#8221; _builder_version=&#8221;4.16&#8243; _dynamic_attributes=&#8221;content&#8221; _module_preset=&#8221;default&#8221; text_font=&#8221;|300|||||||&#8221; text_text_color=&#8221;#ffffff&#8221; text_font_size=&#8221;38px&#8221; text_letter_spacing=&#8221;2px&#8221; custom_margin=&#8221;|||100px|false|false&#8221; custom_margin_tablet=&#8221;|||0px|false|false&#8221; custom_margin_phone=&#8221;&#8221; custom_margin_last_edited=&#8221;on|phone&#8221; text_font_size_tablet=&#8221;37px&#8221; text_font_size_phone=&#8221;28px&#8221; text_font_size_last_edited=&#8221;on|phone&#8221; text_orientation_tablet=&#8221;center&#8221; text_orientation_phone=&#8221;&#8221; text_orientation_last_edited=&#8221;on|phone&#8221; border_color_left=&#8221;gcid-3d22bfca-064e-4ba7-9dfc-e7f07f9cfa30&#8243; global_colors_info=&#8221;{%22gcid-3d22bfca-064e-4ba7-9dfc-e7f07f9cfa30%22:%91%22border_color_left%22%93}&#8221;]@ET-DC@eyJkeW5hbWljIjp0cnVlLCJjb250ZW50IjoicG9zdF90aXRsZSIsInNldHRpbmdzIjp7ImJlZm9yZSI6IiIsImFmdGVyIjoiIn19@[\/et_pb_text][\/et_pb_column][et_pb_column type=&#8221;1_2&#8243; _builder_version=&#8221;4.16&#8243; _module_preset=&#8221;default&#8221; global_colors_info=&#8221;{}&#8221;][et_pb_text admin_label=&#8221;Url (Testo dinamico)&#8221; _builder_version=&#8221;4.23.4&#8243; _dynamic_attributes=&#8221;content&#8221; _module_preset=&#8221;default&#8221; text_font=&#8221;|300|||||||&#8221; text_text_color=&#8221;#FFFFFF&#8221; text_font_size=&#8221;18px&#8221; link_font=&#8221;||||||||&#8221; link_text_color=&#8221;#00e00b&#8221; text_orientation=&#8221;right&#8221; custom_margin=&#8221;|100px|||false|false&#8221; custom_margin_tablet=&#8221;|0px|||false|false&#8221; custom_margin_phone=&#8221;|0px|||false|false&#8221; custom_margin_last_edited=&#8221;on|phone&#8221; hover_enabled=&#8221;0&#8243; text_font_size_tablet=&#8221;&#8221; text_font_size_phone=&#8221;16px&#8221; text_font_size_last_edited=&#8221;on|phone&#8221; link_text_align_tablet=&#8221;center&#8221; link_text_align_phone=&#8221;center&#8221; link_text_align_last_edited=&#8221;on|phone&#8221; text_orientation_tablet=&#8221;center&#8221; text_orientation_phone=&#8221;&#8221; text_orientation_last_edited=&#8221;on|phone&#8221; border_color_left=&#8221;gcid-3d22bfca-064e-4ba7-9dfc-e7f07f9cfa30&#8243; global_colors_info=&#8221;{%22gcid-3d22bfca-064e-4ba7-9dfc-e7f07f9cfa30%22:%91%22border_color_left%22%93}&#8221; sticky_enabled=&#8221;0&#8243;]@ET-DC@eyJkeW5hbWljIjp0cnVlLCJjb250ZW50IjoicG9zdF90aXRsZSIsInNldHRpbmdzIjp7ImJlZm9yZSI6IjxhIGhyZWY9XCJodHRwczovL2xvbWJyaWNvbHR1cmFzaWNpbGlhbmEuaXQvY2EvXCIgdGFyZ2V0PVwiX3NlbGZcIj4gSG9tZSB8IDwvYT4iLCJhZnRlciI6IiJ9fQ==@[\/et_pb_text][\/et_pb_column][\/et_pb_row][\/et_pb_section][et_pb_section fb_built=&#8221;1&#8243; _builder_version=&#8221;4.16&#8243; global_colors_info=&#8221;{}&#8221;][et_pb_row _builder_version=&#8221;4.16&#8243; background_size=&#8221;initial&#8221; background_position=&#8221;top_left&#8221; background_repeat=&#8221;repeat&#8221; global_colors_info=&#8221;{}&#8221;][et_pb_column type=&#8221;4_4&#8243; _builder_version=&#8221;4.16&#8243; custom_padding=&#8221;|||&#8221; global_colors_info=&#8221;{}&#8221; custom_padding__hover=&#8221;|||&#8221;][dipl_text_highlighter highlighter_content=&#8221;Pol\u00edtica de Privacitat&#8221; use_as_heading=&#8221;on&#8221; svg_color=&#8221;#3d2316&#8243; _builder_version=&#8221;4.23.3&#8243; _module_preset=&#8221;default&#8221; global_title_text_align=&#8221;left&#8221; global_title_text_color=&#8221;#067118&#8243; global_title_font_size=&#8221;38px&#8221; global_title_text_align_tablet=&#8221;left&#8221; global_title_text_align_phone=&#8221;center&#8221; global_title_text_align_last_edited=&#8221;on|phone&#8221; global_title_font_size_tablet=&#8221;38px&#8221; global_title_font_size_phone=&#8221;28px&#8221; global_title_font_size_last_edited=&#8221;on|phone&#8221; global_colors_info=&#8221;{}&#8221;][\/dipl_text_highlighter][et_pb_text _builder_version=&#8221;4.23.3&#8243; background_size=&#8221;initial&#8221; background_position=&#8221;top_left&#8221; background_repeat=&#8221;repeat&#8221; custom_css_list_ul=&#8221;padding-left: 40px;&#8221; global_colors_info=&#8221;{}&#8221;]<\/p>\n<p>Aquesta Pol\u00edtica de Privacitat es proporciona d&#8217;acord amb l&#8217;Article 13 del Decret Legislatiu n\u00fam. 196\/2003 &#8211; Codi de Protecci\u00f3 de Dades Personals &#8211; i compleix amb la Recomanaci\u00f3 n\u00fam. 2\/2001 adoptada per les autoritats europees de protecci\u00f3 de dades. Aquesta recomanaci\u00f3 es va establir el 17 de maig de 2001 per identificar requisits m\u00ednims per a la recopilaci\u00f3 de dades personals en l\u00ednia. Especifica els m\u00e8todes, temps i natura de la informaci\u00f3 que els responsables del tractament han de proporcionar als usuaris quan es connecten a p\u00e0gines web. Aquesta informaci\u00f3 es refereix \u00fanicament al lloc web <a href=\"http:\/\/www.lombricolturasiciliana.it\">www.lombricolturasiciliana.it<\/a> i no a p\u00e0gines externes vinculades mitjan\u00e7ant enlla\u00e7os.<\/p>\n<p><strong>Responsable del Tractament de Dades:<\/strong> <br \/>Despr\u00e9s de la consulta d&#8217;aquest lloc, es poden processar dades relacionades amb persones identificades o identificables. El &#8220;responsable&#8221; del seu tractament \u00e9s LOMBRICOLTURA SICILIANA Soc. Agr. a.r.l., amb seu a Via Milano, 40 \u2013 94013 Leonforte (En).<\/p>\n<p><strong>Lloc de Tractament de Dades:<\/strong> <br \/>Els processos relacionats amb els serveis web d&#8217;aquest lloc tenen lloc a la seu esmentada i s\u00f3n gestionats nom\u00e9s per personal t\u00e8cnic encarregat del tractament o per encarregats ocasionals d&#8217;operacions de manteniment. No es comunica ni es difon cap dada derivada del servei web. Les dades personals proporcionades pels usuaris que envien sol\u00b7licituds d&#8217;enviament de material informatiu (butlletins, sol\u00b7licituds d&#8217;informaci\u00f3, fullets, brossores) s&#8217;utilitzen \u00fanicament amb la finalitat d&#8217;executar el servei o la prestaci\u00f3 sol\u00b7licitada i es comuniquen a tercers nom\u00e9s si \u00e9s necessari per a aquesta finalitat.<\/p>\n<p><strong>Tipus de Dades Tractades:<\/strong><\/p>\n<ul>\n<li><strong>Dades de Navegaci\u00f3:<\/strong> Durant el funcionament normal del lloc web, els sistemes inform\u00e0tics i els procediments de programari adquireixen certes dades personals, la transmissi\u00f3 de les quals \u00e9s impl\u00edcita en l&#8217;\u00fas dels protocols de comunicaci\u00f3 d&#8217;Internet. Aquesta informaci\u00f3 no es recull per associar-la a individus identificats, per\u00f2, a causa de la seva naturalesa, podria permetre la identificaci\u00f3 mitjan\u00e7ant processaments i associacions amb dades de tercers.<\/li>\n<li><strong>Dades Proporcionades Volunt\u00e0riament per l&#8217;Usuari:<\/strong> L&#8217;enviament opcional, expl\u00edcit i voluntari de correus electr\u00f2nics a les adreces indicades en aquest lloc, o el compliment i l&#8217;enviament de formularis, implica l&#8217;adquisici\u00f3 posterior de l&#8217;adre\u00e7a del remitent, necess\u00e0ria per respondre a les sol\u00b7licituds, aix\u00ed com qualsevol altre dada personal ingressada al missatge o formulari.<\/li>\n<\/ul>\n<p><strong>Cookies:<\/strong> <br \/>Com tots els llocs web, aquest lloc utilitza cookies, petits fitxers de text necessaris per millorar la funcionalitat del lloc, simplificar la navegaci\u00f3 i analitzar l&#8217;\u00fas. El lloc no adquireix cap dada personal de l&#8217;usuari en aquest sentit. L&#8217;\u00fas de cookies de sessi\u00f3 (que no es emmagatzemen de manera persistent a la computadora de l&#8217;usuari i desapareixen quan es tanca el navegador) est\u00e0 estrictament limitat a la transmissi\u00f3 d&#8217;identificadors de sessi\u00f3 (constitu\u00efts per n\u00fameros aleatoris generats pel servidor) necessaris per permetre l&#8217;exploraci\u00f3 segura i eficient del lloc. Aquestes cookies de sessi\u00f3 utilitzades en aquest lloc eviten l&#8217;\u00fas d&#8217;altres t\u00e8cniques inform\u00e0tiques potencialment perjudicials per a la privadesa de la navegaci\u00f3 dels usuaris i no permeten l&#8217;adquisici\u00f3 de dades personals identificatives de l&#8217;usuari.<\/p>\n<p><strong>Google Analytics:<\/strong> <br \/>Aquest lloc web utilitza Google Analytics, una eina d&#8217;an\u00e0lisi de dades web que ajuda a entendre com interactuen els visitants amb el lloc. Google Analytics utilitza cookies pr\u00f2pies per monitorar les interaccions dels visitants. Aquestes cookies emmagatzemen informaci\u00f3 com l&#8217;hora de la visita actual, les visites anteriors del mateix visitant al lloc i el lloc que ha referit el visitant a la p\u00e0gina web. Per obtenir m\u00e9s informaci\u00f3 sobre l&#8217;\u00fas de cookies per part de Google, consulteu la p\u00e0gina \u00das de cookies de Google Analytics als llocs web.<\/p>\n<p><strong>Provisi\u00f3 Opcional de Dades:<\/strong> <br \/>A part del que s&#8217;especifica per a les dades de navegaci\u00f3, l&#8217;usuari \u00e9s lliure de proporcionar les dades personals indicades als formularis de sol\u00b7licitud o a la p\u00e0gina de Contacte per sol\u00b7licitar informaci\u00f3 o comunicacions. La no provisi\u00f3 d&#8217;aquestes dades pot comportar la impossibilitat d&#8217;obtenir el que es sol\u00b7licita. Cal recordar que en alguns casos (que no s\u00f3n objecte de la gesti\u00f3 ordin\u00e0ria d&#8217;aquest lloc), l&#8217;Autoritat pot sol\u00b7licitar informaci\u00f3 i detalls segons l&#8217;Article 157 del Codi de Protecci\u00f3 de Dades Personals amb la finalitat de verificar el tractament de dades personals. En aquests casos, la resposta \u00e9s obligat\u00f2ria sota pena de sanci\u00f3 administrativa.<\/p>\n<p><strong>M\u00e8todes de Tractament de Dades:<\/strong> <br \/>Les dades personals es processen mitjan\u00e7ant eines automatitzades durant el temps estrictament necessari per assolir els fins per als quals es van recopilar. S&#8217;observen mesures de seguretat espec\u00edfiques per evitar la p\u00e8rdua de dades, l&#8217;\u00fas il\u00b7legal o incorrecte i l&#8217;acc\u00e9s no autoritzat.<\/p>\n<p><strong>Drets dels Interessats:<\/strong> <br \/>Les persones a les quals es refereixen les dades personals tenen dret en qualsevol moment a obtenir la confirmaci\u00f3 de l&#8217;exist\u00e8ncia o no d&#8217;aquestes dades, con\u00e8ixer-ne el contingut i l&#8217;origen, verificar-ne l&#8217;exactitud o sol\u00b7licitar-ne la integraci\u00f3, actualitzaci\u00f3 o correcci\u00f3 (Article 7 del Codi de Protecci\u00f3 de Dades Personals). D&#8217;acord amb el mateix article, tenen dret a sol\u00b7licitar l&#8217;eliminaci\u00f3, la transformaci\u00f3 en forma an\u00f2nima o el bloqueig de dades tractades de manera contr\u00e0ria a la llei, aix\u00ed com oposar-se al seu tractament per motius leg\u00edtims.<\/p>\n<p>Les sol\u00b7licituds s&#8217;han de dirigir a LOMBRICOLTURA SICILIANA Soc. Agr. a.r.l., ubicada a Via Milano, 40 \u2013 94013 Leonforte (En):<\/p>\n<ul>\n<li>Per correu a l&#8217;adre\u00e7a: Via Milano, 40 \u2013 94013 Leonforte (En)<\/li>\n<li>Per correu electr\u00f2nic a l&#8217;adre\u00e7a: <a href=\"mailto:info@lombricolturasiciliana.it\">info@lombricolturasiciliana.it<\/a><\/li>\n<li>Per tel\u00e8fon al n\u00famero: (039) 339 546 1489<\/li>\n<\/ul>\n<p>[\/et_pb_text][\/et_pb_column][\/et_pb_row][\/et_pb_section]<\/p>\n","protected":false},"excerpt":{"rendered":"<p><div class=\"et_pb_module dipl_text_highlighter dipl_text_highlighter_0\">\n\t\t\t\t\n\t\t\t\t\n\t\t\t\t\n\t\t\t\t\n\t\t\t\t\n\t\t\t\t\n\t\t\t\t<div class=\"et_pb_module_inner\">\n\t\t\t\t\t<div class=\"dipl_text_highlighter_wrapper dipl_highlighter_heading dipl_highlight_zigzag \"><h2><span class=\"dipl_text_highlighter_inner_wrapper\"><span class=\"dipl_text_highlighted_content\">Pol\u00edtica de Privacitat<\/span><?xml version=\"1.0\" encoding=\"utf-8\"?><!-- Generator: Adobe Illustrator 24.3.0, SVG Export Plug-In . SVG Version: 6.00 Build 0)  --><svg version=\"1.1\" xmlns=\"http:\/\/www.w3.org\/2000\/svg\" xmlns:xlink=\"http:\/\/www.w3.org\/1999\/xlink\" x=\"0px\" y=\"0px\" viewBox=\"0 0 175.3 17.9\" style=\"enable-background:new 0 0 175.3 17.9;\" xml:space=\"preserve\"><style type=\"text\/css\">.st0{fill:none;stroke:#231F20;stroke-width:2.5;stroke-linecap:round;stroke-linejoin:round;}<\/style><path class=\"st0\" d=\"M4,9.3c0,0,106.8-8.9,167.2-1.9c0,0-91.1-0.4-114.6,3.8c0,0,37-1.7,55.2,1.9\"\/><\/svg><\/span><\/h2><\/div>\n\t\t\t\t<\/div>\n\t\t\t<\/div>Aquesta Pol\u00edtica de Privacitat es proporciona d&#8217;acord amb l&#8217;Article 13 del Decret Legislatiu n\u00fam. 196\/2003 &#8211; Codi de Protecci\u00f3 de Dades Personals &#8211; i compleix amb la Recomanaci\u00f3 n\u00fam. 2\/2001 adoptada per les autoritats europees de protecci\u00f3 de [&hellip;]<\/p>\n","protected":false},"author":1,"featured_media":0,"parent":0,"menu_order":0,"comment_status":"closed","ping_status":"closed","template":"","meta":{"_et_pb_use_builder":"on","_et_pb_old_content":"<!-- wp:heading -->\n<h2>Chi siamo<\/h2>\n<!-- \/wp:heading -->\n\n<!-- wp:paragraph -->\n<p>L'indirizzo del nostro sito web \u00e8: https:\/\/lombricolturasiciliana.it.<\/p>\n<!-- \/wp:paragraph -->\n\n<!-- wp:heading -->\n<h2>Commenti<\/h2>\n<!-- \/wp:heading -->\n\n<!-- wp:paragraph -->\n<p>Quando i visitatori lasciano commenti sul sito, raccogliamo i dati mostrati nel modulo dei commenti oltre all'indirizzo IP del visitatore e la stringa dello user agent del browser per facilitare il rilevamento dello spam.<\/p>\n<!-- \/wp:paragraph -->\n\n<!-- wp:paragraph -->\n<p>Una stringa anonimizzata creata a partire dal tuo indirizzo email (altrimenti detta hash) pu\u00f2 essere fornita al servizio Gravatar per vedere se lo stai usando. La privacy policy del servizio Gravatar \u00e8 disponibile qui: https:\/\/automattic.com\/privacy\/. Dopo l'approvazione del tuo commento, la tua immagine del profilo \u00e8 visibile al pubblico nel contesto del tuo commento.<\/p>\n<!-- \/wp:paragraph -->\n\n<!-- wp:heading -->\n<h2>Media<\/h2>\n<!-- \/wp:heading -->\n\n<!-- wp:paragraph -->\n<p>Se carichi immagini sul sito web, dovresti evitare di caricare immagini che includono i dati di posizione incorporati (EXIF GPS). I visitatori del sito web possono scaricare ed estrarre qualsiasi dato sulla posizione dalle immagini sul sito web.<\/p>\n<!-- \/wp:paragraph -->\n\n<!-- wp:heading -->\n<h2>Cookie<\/h2>\n<!-- \/wp:heading -->\n\n<!-- wp:paragraph -->\n<p>Se visiti la pagina di login, verr\u00e0 impostato un cookie temporaneo per determinare se il tuo browser accetta i cookie. Questo cookie non contiene dati personali e viene eliminato quando chiudi il browser.<\/p>\n<!-- \/wp:paragraph -->\n\n<!-- wp:paragraph -->\n<p>Quando effettui l'accesso, verranno impostati diversi cookie per salvare le tue informazioni di accesso e le tue opzioni di visualizzazione dello schermo. I cookie di accesso durano due giorni mentre i cookie per le opzioni dello schermo durano un anno. Se selezioni \"Ricordami\", il tuo accesso persister\u00e0 per due settimane. Se esci dal tuo account, i cookie di accesso verranno rimossi.<\/p>\n<!-- \/wp:paragraph -->\n\n<!-- wp:paragraph -->\n<p>Se lasci un commento sul nostro sito, puoi scegliere di salvare il tuo nome, indirizzo email e sito web nei cookie. Sono usati per la tua comodit\u00e0 in modo che tu non debba inserire nuovamente i tuoi dati quando lasci un altro commento. Questi cookie dureranno per un anno.<\/p>\n<!-- \/wp:paragraph -->\n\n<!-- wp:paragraph -->\n<p>Se modifichi o pubblichi un articolo, un cookie aggiuntivo verr\u00e0 salvato nel tuo browser. Questo cookie non include dati personali, ma indica semplicemente l'ID dell'articolo appena modificato. Scade dopo 1 giorno.<\/p>\n<!-- \/wp:paragraph -->\n\n<!-- wp:heading -->\n<h2>Contenuto incorporato da altri siti web<\/h2>\n<!-- \/wp:heading -->\n\n<!-- wp:paragraph -->\n<p>Gli articoli su questo sito possono includere contenuti incorporati (ad esempio video, immagini, articoli, ecc.). I contenuti incorporati da altri siti web si comportano esattamente allo stesso modo come se il visitatore avesse visitato l'altro sito web.<\/p>\n<!-- \/wp:paragraph -->\n\n<!-- wp:paragraph -->\n<p>Questi siti web possono raccogliere dati su di te, usare cookie, integrare ulteriori tracciamenti di terze parti e monitorare l'interazione con essi, incluso il tracciamento della tua interazione con il contenuto incorporato se hai un account e sei connesso a quei siti web.<\/p>\n<!-- \/wp:paragraph -->\n\n<!-- wp:heading -->\n<h2>Con chi condividiamo i tuoi dati<\/h2>\n<!-- \/wp:heading -->\n\n<!-- wp:paragraph -->\n<p>Se richiedi una reimpostazione della password, il tuo indirizzo IP verr\u00e0 incluso nell'email di reimpostazione.<\/p>\n<!-- \/wp:paragraph -->\n\n<!-- wp:heading -->\n<h2>Per quanto tempo conserviamo i tuoi dati<\/h2>\n<!-- \/wp:heading -->\n\n<!-- wp:paragraph -->\n<p>Se lasci un commento, il commento e i relativi metadati vengono conservati a tempo indeterminato. \u00c8 cos\u00ec che possiamo riconoscere e approvare automaticamente eventuali commenti successivi invece di tenerli in una coda di moderazione.<\/p>\n<!-- \/wp:paragraph -->\n\n<!-- wp:paragraph -->\n<p>Per gli utenti che si registrano sul nostro sito web (se presenti), memorizziamo anche le informazioni personali che forniscono nel loro profilo utente. Tutti gli utenti possono vedere, modificare o eliminare le loro informazioni personali in qualsiasi momento (eccetto il loro nome utente che non possono cambiare). Gli amministratori del sito web possono anche vedere e modificare queste informazioni.<\/p>\n<!-- \/wp:paragraph -->\n\n<!-- wp:heading -->\n<h2>Quali diritti hai sui tuoi dati<\/h2>\n<!-- \/wp:heading -->\n\n<!-- wp:paragraph -->\n<p>Se hai un account su questo sito, o hai lasciato commenti, puoi richiedere di ricevere un file esportato dal sito con i dati personali che abbiamo su di te, compresi i dati che ci hai fornito. Puoi anche richiedere che cancelliamo tutti i dati personali che ti riguardano. Questo non include i dati che siamo obbligati a conservare per scopi amministrativi, legali o di sicurezza.<\/p>\n<!-- \/wp:paragraph -->\n\n<!-- wp:heading -->\n<h2>Dove i tuoi dati sono inviati<\/h2>\n<!-- \/wp:heading -->\n\n<!-- wp:paragraph -->\n<p>I commenti dei visitatori possono essere controllati attraverso un servizio di rilevamento automatico dello spam.<\/p>\n<!-- \/wp:paragraph -->","_et_gb_content_width":"1080","footnotes":""},"class_list":["post-249877","page","type-page","status-publish","hentry"],"_links":{"self":[{"href":"https:\/\/lombricolturasiciliana.it\/ca\/wp-json\/wp\/v2\/pages\/249877","targetHints":{"allow":["GET"]}}],"collection":[{"href":"https:\/\/lombricolturasiciliana.it\/ca\/wp-json\/wp\/v2\/pages"}],"about":[{"href":"https:\/\/lombricolturasiciliana.it\/ca\/wp-json\/wp\/v2\/types\/page"}],"author":[{"embeddable":true,"href":"https:\/\/lombricolturasiciliana.it\/ca\/wp-json\/wp\/v2\/users\/1"}],"replies":[{"embeddable":true,"href":"https:\/\/lombricolturasiciliana.it\/ca\/wp-json\/wp\/v2\/comments?post=249877"}],"version-history":[{"count":5,"href":"https:\/\/lombricolturasiciliana.it\/ca\/wp-json\/wp\/v2\/pages\/249877\/revisions"}],"predecessor-version":[{"id":250210,"href":"https:\/\/lombricolturasiciliana.it\/ca\/wp-json\/wp\/v2\/pages\/249877\/revisions\/250210"}],"wp:attachment":[{"href":"https:\/\/lombricolturasiciliana.it\/ca\/wp-json\/wp\/v2\/media?parent=249877"}],"curies":[{"name":"wp","href":"https:\/\/api.w.org\/{rel}","templated":true}]}}