{"id":249818,"date":"2023-02-25T17:42:26","date_gmt":"2023-02-25T16:42:26","guid":{"rendered":"https:\/\/lombricolturasiciliana.it\/contatti\/"},"modified":"2023-12-29T17:16:03","modified_gmt":"2023-12-29T16:16:03","slug":"contacte","status":"publish","type":"page","link":"https:\/\/lombricolturasiciliana.it\/ca\/contacte\/","title":{"rendered":"Contacte"},"content":{"rendered":"<p>[et_pb_section fb_built=&#8221;1&#8243; admin_label=&#8221;Breadcrumb Section&#8221; module_class=&#8221;breadcrumb-filtro&#8221; _builder_version=&#8221;4.21.0&#8243; _module_preset=&#8221;default&#8221; background_image=&#8221;https:\/\/lombricolturasiciliana.it\/wp-content\/uploads\/2023\/04\/sfondo-breadcrumb.webp&#8221; width=&#8221;100%&#8221; max_width=&#8221;100%&#8221; min_height=&#8221;300px&#8221; height_tablet=&#8221;200px&#8221; height_phone=&#8221;200px&#8221; height_last_edited=&#8221;on|phone&#8221; box_shadow_style=&#8221;preset3&#8243; box_shadow_horizontal=&#8221;25px&#8221; box_shadow_blur=&#8221;19px&#8221; global_colors_info=&#8221;{}&#8221; height__hover_enabled=&#8221;off|desktop&#8221;][et_pb_row column_structure=&#8221;1_2,1_2&#8243; admin_label=&#8221;Breadcrumb&#8221; _builder_version=&#8221;4.16&#8243; _module_preset=&#8221;default&#8221; width=&#8221;100%&#8221; max_width=&#8221;100%&#8221; custom_margin=&#8221;46px||||false|false&#8221; global_colors_info=&#8221;{}&#8221;][et_pb_column type=&#8221;1_2&#8243; _builder_version=&#8221;4.16&#8243; _module_preset=&#8221;default&#8221; global_colors_info=&#8221;{}&#8221;][et_pb_text admin_label=&#8221;Titolo Pagina (Testo dinamico)&#8221; _builder_version=&#8221;4.16&#8243; _dynamic_attributes=&#8221;content&#8221; _module_preset=&#8221;default&#8221; text_font=&#8221;|300|||||||&#8221; text_text_color=&#8221;#ffffff&#8221; text_font_size=&#8221;38px&#8221; text_letter_spacing=&#8221;2px&#8221; custom_margin=&#8221;|||100px|false|false&#8221; custom_margin_tablet=&#8221;|||0px|false|false&#8221; custom_margin_phone=&#8221;&#8221; custom_margin_last_edited=&#8221;on|phone&#8221; text_font_size_tablet=&#8221;37px&#8221; text_font_size_phone=&#8221;28px&#8221; text_font_size_last_edited=&#8221;on|phone&#8221; text_orientation_tablet=&#8221;center&#8221; text_orientation_phone=&#8221;&#8221; text_orientation_last_edited=&#8221;on|phone&#8221; border_color_left=&#8221;gcid-3d22bfca-064e-4ba7-9dfc-e7f07f9cfa30&#8243; global_colors_info=&#8221;{%22gcid-3d22bfca-064e-4ba7-9dfc-e7f07f9cfa30%22:%91%22border_color_left%22%93}&#8221;]@ET-DC@eyJkeW5hbWljIjp0cnVlLCJjb250ZW50IjoicG9zdF90aXRsZSIsInNldHRpbmdzIjp7ImJlZm9yZSI6IiIsImFmdGVyIjoiIn19@[\/et_pb_text][\/et_pb_column][et_pb_column type=&#8221;1_2&#8243; _builder_version=&#8221;4.16&#8243; _module_preset=&#8221;default&#8221; global_colors_info=&#8221;{}&#8221;][et_pb_text admin_label=&#8221;Url (Testo dinamico)&#8221; _builder_version=&#8221;4.23.4&#8243; _dynamic_attributes=&#8221;content&#8221; _module_preset=&#8221;default&#8221; text_font=&#8221;|300|||||||&#8221; text_text_color=&#8221;#FFFFFF&#8221; text_font_size=&#8221;18px&#8221; link_font=&#8221;||||||||&#8221; link_text_color=&#8221;#00e00b&#8221; text_orientation=&#8221;right&#8221; custom_margin=&#8221;|100px|||false|false&#8221; custom_margin_tablet=&#8221;|0px|||false|false&#8221; custom_margin_phone=&#8221;|0px|||false|false&#8221; custom_margin_last_edited=&#8221;on|phone&#8221; hover_enabled=&#8221;0&#8243; text_font_size_tablet=&#8221;&#8221; text_font_size_phone=&#8221;16px&#8221; text_font_size_last_edited=&#8221;on|phone&#8221; link_text_align_tablet=&#8221;center&#8221; link_text_align_phone=&#8221;center&#8221; link_text_align_last_edited=&#8221;on|phone&#8221; text_orientation_tablet=&#8221;center&#8221; text_orientation_phone=&#8221;&#8221; text_orientation_last_edited=&#8221;on|phone&#8221; border_color_left=&#8221;gcid-3d22bfca-064e-4ba7-9dfc-e7f07f9cfa30&#8243; global_colors_info=&#8221;{%22gcid-3d22bfca-064e-4ba7-9dfc-e7f07f9cfa30%22:%91%22border_color_left%22%93}&#8221; sticky_enabled=&#8221;0&#8243;]@ET-DC@eyJkeW5hbWljIjp0cnVlLCJjb250ZW50IjoicG9zdF90aXRsZSIsInNldHRpbmdzIjp7ImJlZm9yZSI6IjxhIGhyZWY9XCJodHRwczovL2xvbWJyaWNvbHR1cmFzaWNpbGlhbmEuaXQvY2EvXCIgdGFyZ2V0PVwiX3NlbGZcIj4gSG9tZSB8IDwvYT4iLCJhZnRlciI6IiJ9fQ==@[\/et_pb_text][\/et_pb_column][\/et_pb_row][\/et_pb_section][et_pb_section fb_built=&#8221;1&#8243; _builder_version=&#8221;4.16&#8243; _module_preset=&#8221;default&#8221; custom_margin=&#8221;0px||0px||false|false&#8221; custom_padding=&#8221;12px||12px||true|false&#8221; global_colors_info=&#8221;{}&#8221;][et_pb_row _builder_version=&#8221;4.16&#8243; _module_preset=&#8221;default&#8221; global_colors_info=&#8221;{}&#8221;][et_pb_column type=&#8221;4_4&#8243; _builder_version=&#8221;4.16&#8243; _module_preset=&#8221;default&#8221; global_colors_info=&#8221;{}&#8221;][dipl_text_highlighter highlighter_content=&#8221;Contactes i dades de contacte&#8221; use_as_heading=&#8221;on&#8221; svg_color=&#8221;gcid-b5dbc1e9-6b25-4477-93e3-d361731072ea&#8221; _builder_version=&#8221;4.23.3&#8243; _module_preset=&#8221;c598daf8-c07b-4f95-9837-93e190393817&#8243; global_title_text_color=&#8221;gcid-3d22bfca-064e-4ba7-9dfc-e7f07f9cfa30&#8243; global_title_font_size=&#8221;38px&#8221; global_title_font_size_tablet=&#8221;38px&#8221; global_title_font_size_phone=&#8221;28px&#8221; global_title_font_size_last_edited=&#8221;on|phone&#8221; global_colors_info=&#8221;{%22gcid-3d22bfca-064e-4ba7-9dfc-e7f07f9cfa30%22:%91%22global_title_text_color%22%93,%22gcid-b5dbc1e9-6b25-4477-93e3-d361731072ea%22:%91%22svg_color%22%93}&#8221;][\/dipl_text_highlighter][et_pb_text _builder_version=&#8221;4.23.3&#8243; _module_preset=&#8221;default&#8221; border_color_left=&#8221;gcid-3d22bfca-064e-4ba7-9dfc-e7f07f9cfa30&#8243; global_colors_info=&#8221;{%22gcid-3d22bfca-064e-4ba7-9dfc-e7f07f9cfa30%22:%91%22border_color_left%22%93}&#8221;]<\/p>\n<h5>Per a qualsevol informaci\u00f3 podeu contactar amb nosaltres mitjan\u00e7ant el formulari seg\u00fcent o a trav\u00e9s de les nostres dades de contacte<\/h5>\n<p>[\/et_pb_text][\/et_pb_column][\/et_pb_row][\/et_pb_section][et_pb_section fb_built=&#8221;1&#8243; _builder_version=&#8221;4.16&#8243; _module_preset=&#8221;default&#8221; custom_padding=&#8221;4px|||||&#8221; global_colors_info=&#8221;{}&#8221;][et_pb_row column_structure=&#8221;2_3,1_3&#8243; _builder_version=&#8221;4.16&#8243; _module_preset=&#8221;default&#8221; custom_margin=&#8221;0px||0px||true|false&#8221; custom_padding=&#8221;0px||0px||true|false&#8221; global_colors_info=&#8221;{}&#8221;][et_pb_column type=&#8221;2_3&#8243; _builder_version=&#8221;4.16&#8243; _module_preset=&#8221;default&#8221; global_colors_info=&#8221;{}&#8221;][et_pb_contact_form email=&#8221;info@lombricolturasiciliana.it&#8221; title=&#8221;Formulari de contacte&#8221; custom_message=&#8221;Messaggio inviato dalla pagina Contatti da: %%nome%%||et_pb_line_break_holder||||et_pb_line_break_holder||Azienda: %%azienda%%||et_pb_line_break_holder||Email: %%email%%||et_pb_line_break_holder||Telefono: %%telefono%%||et_pb_line_break_holder||||et_pb_line_break_holder||Messaggio:||et_pb_line_break_holder||%%message%%||et_pb_line_break_holder||&#8221; success_message=&#8221;El missatge s&#8217;ha enviat correctament. Gr\u00e0cies per contactar amb nosaltres.&#8221; submit_button_text=&#8221;Enviar&#8221; admin_label=&#8221;Form di contatto&#8221; _builder_version=&#8221;4.23.3&#8243; _module_preset=&#8221;default&#8221; _unique_id=&#8221;23442389-877b-40e2-9e81-f35771cdf216&#8243; title_level=&#8221;h3&#8243; title_text_color=&#8221;gcid-13a403fe-dfa2-446f-b673-d79821e44209&#8243; title_font_size=&#8221;26px&#8221; custom_button=&#8221;on&#8221; button_text_size=&#8221;20px&#8221; button_text_color=&#8221;#FFFFFF&#8221; button_bg_color=&#8221;gcid-b5dbc1e9-6b25-4477-93e3-d361731072ea&#8221; button_border_width=&#8221;0px&#8221; button_border_radius=&#8221;6px&#8221; button_letter_spacing=&#8221;1px&#8221; display_conditions=&#8221;W10=&#8221; title_text_align_tablet=&#8221;&#8221; title_text_align_phone=&#8221;center&#8221; title_text_align_last_edited=&#8221;on|phone&#8221; title_font_size_tablet=&#8221;26px&#8221; title_font_size_phone=&#8221;24px&#8221; title_font_size_last_edited=&#8221;on|phone&#8221; custom_css_contact_button=&#8221;width: 100%&#8221; custom_css_contact_message=&#8221;font-size: 13px;||color: #ff0000;&#8221; custom_css_bottom_container=&#8221;width: 100%;&#8221; global_colors_info=&#8221;{%22gcid-13a403fe-dfa2-446f-b673-d79821e44209%22:%91%22title_text_color%22%93,%22gcid-b5dbc1e9-6b25-4477-93e3-d361731072ea%22:%91%22button_bg_color%22%93}&#8221; button_bg_color__hover_enabled=&#8221;on|hover&#8221; button_bg_color__hover=&#8221;rgba(0,0,0,0.74)&#8221; button_bg_enable_color__hover=&#8221;on&#8221;][et_pb_contact_field field_id=&#8221;nome&#8221; field_title=&#8221;Nom*&#8221; min_length=&#8221;2&#8243; max_length=&#8221;25&#8243; _builder_version=&#8221;4.23.3&#8243; _module_preset=&#8221;default&#8221; global_colors_info=&#8221;{}&#8221; button_text_size__hover_enabled=&#8221;off&#8221; button_one_text_size__hover_enabled=&#8221;off&#8221; button_two_text_size__hover_enabled=&#8221;off&#8221; button_text_color__hover_enabled=&#8221;off&#8221; button_one_text_color__hover_enabled=&#8221;off&#8221; button_two_text_color__hover_enabled=&#8221;off&#8221; button_border_width__hover_enabled=&#8221;off&#8221; button_one_border_width__hover_enabled=&#8221;off&#8221; button_two_border_width__hover_enabled=&#8221;off&#8221; button_border_color__hover_enabled=&#8221;off&#8221; button_one_border_color__hover_enabled=&#8221;off&#8221; button_two_border_color__hover_enabled=&#8221;off&#8221; button_border_radius__hover_enabled=&#8221;off&#8221; button_one_border_radius__hover_enabled=&#8221;off&#8221; button_two_border_radius__hover_enabled=&#8221;off&#8221; button_letter_spacing__hover_enabled=&#8221;off&#8221; button_one_letter_spacing__hover_enabled=&#8221;off&#8221; button_two_letter_spacing__hover_enabled=&#8221;off&#8221; button_bg_color__hover_enabled=&#8221;off&#8221; button_one_bg_color__hover_enabled=&#8221;off&#8221; button_two_bg_color__hover_enabled=&#8221;off&#8221;][\/et_pb_contact_field][et_pb_contact_field field_id=&#8221;azienda&#8221; field_title=&#8221;Empresa&#8221; min_length=&#8221;2&#8243; max_length=&#8221;25&#8243; required_mark=&#8221;off&#8221; _builder_version=&#8221;4.23.3&#8243; _module_preset=&#8221;default&#8221; global_colors_info=&#8221;{}&#8221;][\/et_pb_contact_field][et_pb_contact_field field_id=&#8221;email&#8221; field_title=&#8221;Correu electr\u00f2nic*&#8221; field_type=&#8221;email&#8221; _builder_version=&#8221;4.23.3&#8243; _module_preset=&#8221;default&#8221; global_colors_info=&#8221;{}&#8221; button_text_size__hover_enabled=&#8221;off&#8221; button_one_text_size__hover_enabled=&#8221;off&#8221; button_two_text_size__hover_enabled=&#8221;off&#8221; button_text_color__hover_enabled=&#8221;off&#8221; button_one_text_color__hover_enabled=&#8221;off&#8221; button_two_text_color__hover_enabled=&#8221;off&#8221; button_border_width__hover_enabled=&#8221;off&#8221; button_one_border_width__hover_enabled=&#8221;off&#8221; button_two_border_width__hover_enabled=&#8221;off&#8221; button_border_color__hover_enabled=&#8221;off&#8221; button_one_border_color__hover_enabled=&#8221;off&#8221; button_two_border_color__hover_enabled=&#8221;off&#8221; button_border_radius__hover_enabled=&#8221;off&#8221; button_one_border_radius__hover_enabled=&#8221;off&#8221; button_two_border_radius__hover_enabled=&#8221;off&#8221; button_letter_spacing__hover_enabled=&#8221;off&#8221; button_one_letter_spacing__hover_enabled=&#8221;off&#8221; button_two_letter_spacing__hover_enabled=&#8221;off&#8221; button_bg_color__hover_enabled=&#8221;off&#8221; button_one_bg_color__hover_enabled=&#8221;off&#8221; button_two_bg_color__hover_enabled=&#8221;off&#8221;][\/et_pb_contact_field][et_pb_contact_field field_id=&#8221;telefono&#8221; field_title=&#8221;Tel\u00e8fon&#8221; min_length=&#8221;10&#8243; max_length=&#8221;25&#8243; required_mark=&#8221;off&#8221; _builder_version=&#8221;4.23.3&#8243; _module_preset=&#8221;default&#8221; global_colors_info=&#8221;{}&#8221;][\/et_pb_contact_field][et_pb_contact_field field_id=&#8221;message&#8221; field_title=&#8221;Missatge*&#8221; field_type=&#8221;text&#8221; fullwidth_field=&#8221;on&#8221; _builder_version=&#8221;4.23.3&#8243; _module_preset=&#8221;default&#8221; global_colors_info=&#8221;{}&#8221; button_text_size__hover_enabled=&#8221;off&#8221; button_one_text_size__hover_enabled=&#8221;off&#8221; button_two_text_size__hover_enabled=&#8221;off&#8221; button_text_color__hover_enabled=&#8221;off&#8221; button_one_text_color__hover_enabled=&#8221;off&#8221; button_two_text_color__hover_enabled=&#8221;off&#8221; button_border_width__hover_enabled=&#8221;off&#8221; button_one_border_width__hover_enabled=&#8221;off&#8221; button_two_border_width__hover_enabled=&#8221;off&#8221; button_border_color__hover_enabled=&#8221;off&#8221; button_one_border_color__hover_enabled=&#8221;off&#8221; button_two_border_color__hover_enabled=&#8221;off&#8221; button_border_radius__hover_enabled=&#8221;off&#8221; button_one_border_radius__hover_enabled=&#8221;off&#8221; button_two_border_radius__hover_enabled=&#8221;off&#8221; button_letter_spacing__hover_enabled=&#8221;off&#8221; button_one_letter_spacing__hover_enabled=&#8221;off&#8221; button_two_letter_spacing__hover_enabled=&#8221;off&#8221; button_bg_color__hover_enabled=&#8221;off&#8221; button_one_bg_color__hover_enabled=&#8221;off&#8221; button_two_bg_color__hover_enabled=&#8221;off&#8221;][\/et_pb_contact_field][et_pb_contact_field field_id=&#8221;privacy_policy&#8221; field_title=&#8221;Responsabilitat de privadesa*&#8221; field_type=&#8221;checkbox&#8221; checkbox_options=&#8221;%91{%22value%22:%22He llegit la pol\u00edtica de privadesa &#8211; %22,%22checked%22:0,%22dragID%22:-1,%22link_url%22:%22\/privacy-policy%22,%22link_text%22:%22Politica de privacitat%22}%93&#8243; fullwidth_field=&#8221;on&#8221; _builder_version=&#8221;4.23.3&#8243; _module_preset=&#8221;default&#8221; form_field_font_size=&#8221;14px&#8221; custom_margin=&#8221;||50px||false|false&#8221; link_option_url=&#8221;#&#8221; global_colors_info=&#8221;{}&#8221;][\/et_pb_contact_field][\/et_pb_contact_form][\/et_pb_column][et_pb_column type=&#8221;1_3&#8243; _builder_version=&#8221;4.16&#8243; _module_preset=&#8221;default&#8221; global_colors_info=&#8221;{}&#8221;][et_pb_text _builder_version=&#8221;4.23.3&#8243; _module_preset=&#8221;default&#8221; header_4_font=&#8221;|600||||on|||&#8221; header_4_font_size=&#8221;21px&#8221; header_4_letter_spacing=&#8221;1px&#8221; border_color_left=&#8221;gcid-3d22bfca-064e-4ba7-9dfc-e7f07f9cfa30&#8243; locked=&#8221;off&#8221; global_colors_info=&#8221;{%22gcid-3d22bfca-064e-4ba7-9dfc-e7f07f9cfa30%22:%91%22border_color_left%22%93}&#8221;]<\/p>\n<h4>Les nostres dades de contacte<\/h4>\n<p>[\/et_pb_text][et_pb_blurb title=&#8221;Correu electr\u00f2nic&#8221; use_icon=&#8221;on&#8221; font_icon=&#8221;&#xe010;||divi||400&#8243; icon_color=&#8221;#ffffff&#8221; image_icon_background_color=&#8221;#6cbe02&#8243; icon_placement=&#8221;left&#8221; image_icon_width=&#8221;26px&#8221; _builder_version=&#8221;4.23.3&#8243; _module_preset=&#8221;default&#8221; header_text_color=&#8221;gcid-b5dbc1e9-6b25-4477-93e3-d361731072ea&#8221; image_icon_custom_padding=&#8221;8px|8px|8px|8px|false|false&#8221; custom_margin=&#8221;16px||||false|false&#8221; border_radii_image=&#8221;on|100%|100%|100%|100%&#8221; border_width_all_image=&#8221;2px&#8221; border_color_all_image=&#8221;#6cbe02&#8243; icon_font_size=&#8221;26px&#8221; use_circle=&#8221;on&#8221; use_circle_border=&#8221;on&#8221; circle_border_color=&#8221;#6cbe02&#8243; circle_color=&#8221;#6cbe02&#8243; circle_color__hover=&#8221;#ffffff&#8221; circle_color__hover_enabled=&#8221;on|hover&#8221; locked=&#8221;off&#8221; global_colors_info=&#8221;{%22gcid-b5dbc1e9-6b25-4477-93e3-d361731072ea%22:%91%22icon_color%22,%22header_text_color%22,%22background_color__hover%22%93}&#8221; background_color__hover=&#8221;#3d2316&#8243; icon_color__hover_enabled=&#8221;on|hover&#8221; icon_color__hover=&#8221;#0c71c3&#8243; image_icon_background_color__hover=&#8221;#ffffff&#8221; image_icon_background_color__hover_enabled=&#8221;on|hover&#8221; image_icon_background_color__sticky_enabled=&#8221;#7EBEC5&#8243; image_icon_background_color__sticky=&#8221;#7EBEC5&#8243;]<\/p>\n<p>info@lombricolturasiciliana.it<\/p>\n<p>[\/et_pb_blurb][et_pb_blurb title=&#8221;Tel\u00e8fon m\u00f2bil&#8221; use_icon=&#8221;on&#8221; font_icon=&#8221;&#xe00b;||divi||400&#8243; icon_color=&#8221;#ffffff&#8221; image_icon_background_color=&#8221;#6cbe02&#8243; icon_placement=&#8221;left&#8221; image_icon_width=&#8221;26px&#8221; _builder_version=&#8221;4.23.3&#8243; _module_preset=&#8221;default&#8221; header_text_color=&#8221;gcid-b5dbc1e9-6b25-4477-93e3-d361731072ea&#8221; image_icon_custom_padding=&#8221;8px|8px|8px|8px|false|false&#8221; custom_margin=&#8221;16px||||false|false&#8221; border_radii_image=&#8221;on|100%|100%|100%|100%&#8221; border_width_all_image=&#8221;2px&#8221; border_color_all_image=&#8221;#6cbe02&#8243; icon_font_size=&#8221;26px&#8221; use_circle=&#8221;on&#8221; use_circle_border=&#8221;on&#8221; circle_border_color=&#8221;#6cbe02&#8243; circle_color=&#8221;#6cbe02&#8243; circle_color__hover=&#8221;#ffffff&#8221; circle_color__hover_enabled=&#8221;on|hover&#8221; locked=&#8221;off&#8221; global_colors_info=&#8221;{%22gcid-b5dbc1e9-6b25-4477-93e3-d361731072ea%22:%91%22icon_color%22,%22header_text_color%22,%22background_color__hover%22%93}&#8221; background_color__hover=&#8221;#3d2316&#8243; icon_color__hover=&#8221;#0c71c3&#8243; icon_color__hover_enabled=&#8221;on|hover&#8221; image_icon_background_color__hover=&#8221;#ffffff&#8221; image_icon_background_color__hover_enabled=&#8221;on|hover&#8221; image_icon_background_color__sticky_enabled=&#8221;#7EBEC5&#8243; image_icon_background_color__sticky=&#8221;#7EBEC5&#8243;]<\/p>\n<p><a href=\"tel:+393737780808\">(+39) 373 778 0808<\/a><\/p>\n<p>[\/et_pb_blurb][et_pb_blurb title=&#8221;Adre\u00e7a&#8221; use_icon=&#8221;on&#8221; font_icon=&#8221;&#xe01d;||divi||400&#8243; icon_color=&#8221;#ffffff&#8221; image_icon_background_color=&#8221;#6cbe02&#8243; icon_placement=&#8221;left&#8221; image_icon_width=&#8221;26px&#8221; _builder_version=&#8221;4.23.3&#8243; _module_preset=&#8221;default&#8221; header_text_color=&#8221;gcid-b5dbc1e9-6b25-4477-93e3-d361731072ea&#8221; image_icon_custom_padding=&#8221;8px|8px|8px|8px|false|false&#8221; custom_margin=&#8221;16px||||false|false&#8221; border_radii_image=&#8221;on|100%|100%|100%|100%&#8221; border_width_all_image=&#8221;2px&#8221; border_color_all_image=&#8221;#6cbe02&#8243; icon_font_size=&#8221;26px&#8221; use_circle=&#8221;on&#8221; use_circle_border=&#8221;on&#8221; circle_border_color=&#8221;#6cbe02&#8243; circle_color=&#8221;#6cbe02&#8243; circle_color__hover=&#8221;#ffffff&#8221; circle_color__hover_enabled=&#8221;on|hover&#8221; locked=&#8221;off&#8221; global_colors_info=&#8221;{%22gcid-b5dbc1e9-6b25-4477-93e3-d361731072ea%22:%91%22icon_color%22,%22header_text_color%22,%22background_color__hover%22%93}&#8221; background_color__hover=&#8221;#3d2316&#8243; icon_color__hover=&#8221;#0c71c3&#8243; icon_color__hover_enabled=&#8221;on|hover&#8221; image_icon_background_color__hover=&#8221;#ffffff&#8221; image_icon_background_color__hover_enabled=&#8221;on|hover&#8221; image_icon_background_color__sticky_enabled=&#8221;#7EBEC5&#8243; image_icon_background_color__sticky=&#8221;#7EBEC5&#8243;]<\/p>\n<p>Via Milano, 40<br \/>94013 Leonforte (EN)<\/p>\n<p>[\/et_pb_blurb][\/et_pb_column][\/et_pb_row][\/et_pb_section][et_pb_section fb_built=&#8221;1&#8243; fullwidth=&#8221;on&#8221; _builder_version=&#8221;4.16&#8243; _module_preset=&#8221;default&#8221; locked=&#8221;off&#8221; global_colors_info=&#8221;{}&#8221;][et_pb_fullwidth_code _builder_version=&#8221;4.23.1&#8243; _module_preset=&#8221;default&#8221; global_colors_info=&#8221;{}&#8221;]<iframe src=\"https:\/\/www.google.com\/maps\/embed?pb=!1m14!1m8!1m3!1d12630.426559357027!2d14.333994!3d37.6819498!3m2!1i1024!2i768!4f13.1!3m3!1m2!1s0x131129fe6e04d0fb%3A0x1f7d40e7464227f8!2sHumus%20biologico-Lombricoltura%20Siciliana!5e0!3m2!1sit!2sit!4v1699598869396!5m2!1sit!2sit\" width=\"100%\" height=\"450\" style=\"border:0;\" allowfullscreen=\"\" loading=\"lazy\" referrerpolicy=\"no-referrer-when-downgrade\"><\/iframe>[\/et_pb_fullwidth_code][\/et_pb_section]<\/p>\n","protected":false},"excerpt":{"rendered":"<p><div class=\"et_pb_module dipl_text_highlighter dipl_text_highlighter_0\">\n\t\t\t\t\n\t\t\t\t\n\t\t\t\t\n\t\t\t\t\n\t\t\t\t\n\t\t\t\t\n\t\t\t\t<div class=\"et_pb_module_inner\">\n\t\t\t\t\t<div class=\"dipl_text_highlighter_wrapper dipl_highlighter_heading dipl_highlight_zigzag \"><h2><span class=\"dipl_text_highlighter_inner_wrapper\"><span class=\"dipl_text_highlighted_content\">Contactes i dades de contacte<\/span><?xml version=\"1.0\" encoding=\"utf-8\"?><!-- Generator: Adobe Illustrator 24.3.0, SVG Export Plug-In . SVG Version: 6.00 Build 0)  --><svg version=\"1.1\" xmlns=\"http:\/\/www.w3.org\/2000\/svg\" xmlns:xlink=\"http:\/\/www.w3.org\/1999\/xlink\" x=\"0px\" y=\"0px\" viewBox=\"0 0 175.3 17.9\" style=\"enable-background:new 0 0 175.3 17.9;\" xml:space=\"preserve\"><style type=\"text\/css\">.st0{fill:none;stroke:#231F20;stroke-width:2.5;stroke-linecap:round;stroke-linejoin:round;}<\/style><path class=\"st0\" d=\"M4,9.3c0,0,106.8-8.9,167.2-1.9c0,0-91.1-0.4-114.6,3.8c0,0,37-1.7,55.2,1.9\"\/><\/svg><\/span><\/h2><\/div>\n\t\t\t\t<\/div>\n\t\t\t<\/div>Per a qualsevol informaci\u00f3 podeu contactar amb nosaltres mitjan\u00e7ant el formulari seg\u00fcent o a trav\u00e9s de les nostres dades de contacteLes nostres dades de contacteinfo@lombricolturasiciliana.it(+39) 373 778 0808Via Milano, 4094013 Leonforte (EN)<\/p>\n","protected":false},"author":1,"featured_media":0,"parent":0,"menu_order":0,"comment_status":"closed","ping_status":"closed","template":"","meta":{"_et_pb_use_builder":"on","_et_pb_old_content":"<!-- wp:divi\/placeholder \/-->","_et_gb_content_width":"","footnotes":""},"class_list":["post-249818","page","type-page","status-publish","hentry"],"_links":{"self":[{"href":"https:\/\/lombricolturasiciliana.it\/ca\/wp-json\/wp\/v2\/pages\/249818","targetHints":{"allow":["GET"]}}],"collection":[{"href":"https:\/\/lombricolturasiciliana.it\/ca\/wp-json\/wp\/v2\/pages"}],"about":[{"href":"https:\/\/lombricolturasiciliana.it\/ca\/wp-json\/wp\/v2\/types\/page"}],"author":[{"embeddable":true,"href":"https:\/\/lombricolturasiciliana.it\/ca\/wp-json\/wp\/v2\/users\/1"}],"replies":[{"embeddable":true,"href":"https:\/\/lombricolturasiciliana.it\/ca\/wp-json\/wp\/v2\/comments?post=249818"}],"version-history":[{"count":7,"href":"https:\/\/lombricolturasiciliana.it\/ca\/wp-json\/wp\/v2\/pages\/249818\/revisions"}],"predecessor-version":[{"id":250209,"href":"https:\/\/lombricolturasiciliana.it\/ca\/wp-json\/wp\/v2\/pages\/249818\/revisions\/250209"}],"wp:attachment":[{"href":"https:\/\/lombricolturasiciliana.it\/ca\/wp-json\/wp\/v2\/media?parent=249818"}],"curies":[{"name":"wp","href":"https:\/\/api.w.org\/{rel}","templated":true}]}}